{"id":2940,"date":"2019-11-12T19:48:36","date_gmt":"2019-11-12T19:48:36","guid":{"rendered":"http:\/\/www.maroteknoloji.com\/?page_id=2940"},"modified":"2019-11-13T10:40:16","modified_gmt":"2019-11-13T10:40:16","slug":"kisisel-verilerin-korunmasi-ve-islenmesi-genel-aydinlatma-metni","status":"publish","type":"page","link":"https:\/\/www.maroteknoloji.com\/tr\/kisisel-verilerin-korunmasi-ve-islenmesi-genel-aydinlatma-metni\/","title":{"rendered":"Ki\u015fisel Verilerin Korunmas\u0131 ve \u0130\u015flenmesi Genel Ayd\u0131nlatma Metni"},"content":{"rendered":"<div id='companyheading'  class='avia-section main_color avia-section-no-padding avia-no-border-styling  avia-full-stretch avia-bg-style-scroll  avia-builder-el-0  el_before_av_section  avia-builder-el-first   av-minimum-height av-minimum-height-custom  container_wrap sidebar_right' style='background-repeat: no-repeat; background-image: url(https:\/\/www.maroteknoloji.com\/wp-content\/uploads\/2015\/10\/company.jpg);background-attachment: scroll; background-position: center center;  '  data-section-bg-repeat='stretch'><div class='container' style='height:300px'><main  role=\"main\" itemprop=\"mainContentOfPage\"  class='template-page content  av-content-small alpha units'><div class='post-entry post-entry-type-page post-entry-2940'><div class='entry-content-wrapper clearfix'>\n<div  style='height:50px' class='hr hr-invisible   avia-builder-el-1  el_before_av_three_fifth  avia-builder-el-first '><span class='hr-inner ' ><span class='hr-inner-style'><\/span><\/span><\/div>\n<div class=\"flex_column av_three_fifth  flex_column_div first  avia-builder-el-2  el_after_av_hr  el_before_av_two_fifth  \" style='padding:20px 20px 10px 20px ; border-radius:0px; '><\/div><div class=\"flex_column av_two_fifth  flex_column_div   avia-builder-el-3  el_after_av_three_fifth  avia-builder-el-last  \" style='padding:20px 20px 20px 20px ; background-color:rgba(247,242,232,0.9); border-radius:0px; '><section class=\"av_textblock_section \"  itemscope=\"itemscope\" itemtype=\"https:\/\/schema.org\/CreativeWork\" ><div class='avia_textblock  '  style='font-size:15px; '  itemprop=\"text\" ><p>Ki\u015fisel verilerinizin, 6698 say\u0131l\u0131 Ki\u015fisel Verilerin Korunmas\u0131 Kanunu (\u201c<strong>KVKK<\/strong>\u201d) uyar\u0131nca, veri sorumlusu s\u0131fat\u0131yla Maro Uluslararas\u0131 Bilgi Teknolojileri Dan\u0131\u015fmanl\u0131k, Geli\u015ftirme, Destek Hizmetleri Sanayi ve Ticaret Anonim \u015eirketi (\u201c<strong>Maroteknoloji<\/strong>\u201d veya \u201c<strong>\u015eirket<\/strong>\u201d) taraf\u0131ndan hangi kapsamda i\u015flenebilece\u011fi a\u015fa\u011f\u0131da a\u00e7\u0131klanm\u0131\u015ft\u0131r.<\/p>\n<\/div><\/section><\/div>\n\n<\/div><\/div><\/main><!-- close content main element --><\/div><\/div><div id='av_section_2'  class='avia-section main_color avia-section-default avia-no-border-styling  avia-bg-style-scroll  avia-builder-el-5  el_after_av_section  avia-builder-el-last   container_wrap sidebar_right' style='background-color: #ffffff;  '  ><div class='container' ><div class='template-page content  av-content-small alpha units'><div class='post-entry post-entry-type-page post-entry-2940'><div class='entry-content-wrapper clearfix'>\n<div  style='padding-bottom:10px; color:#543018;' class='av-special-heading av-special-heading-h2 custom-color-heading blockquote modern-quote modern-centered  avia-builder-el-6  el_before_av_one_full  avia-builder-el-first  '><h2 class='av-special-heading-tag '  itemprop=\"headline\"  >Ki\u015fisel Verilerin Korunmas\u0131 ve \u0130\u015flenmesi Genel Ayd\u0131nlatma Metni<\/h2><div class='special-heading-border'><div class='special-heading-inner-border' style='border-color:#543018'><\/div><\/div><\/div>\n<div class=\"flex_column av_one_full  flex_column_div av-zero-column-padding first  avia-builder-el-7  el_after_av_heading  avia-builder-el-last  \" style='border-radius:0px; '><section class=\"av_textblock_section \"  itemscope=\"itemscope\" itemtype=\"https:\/\/schema.org\/CreativeWork\" ><div class='avia_textblock  av_inherit_color '  style='color:#696a6c; '  itemprop=\"text\" ><p>Ki\u015fisel verilerinizin, 6698 say\u0131l\u0131 Ki\u015fisel Verilerin Korunmas\u0131 Kanunu (\u201c<strong>KVKK<\/strong>\u201d) uyar\u0131nca, veri sorumlusu s\u0131fat\u0131yla Maro Uluslararas\u0131 Bilgi Teknolojileri Dan\u0131\u015fmanl\u0131k, Geli\u015ftirme, Destek Hizmetleri Sanayi ve Ticaret Anonim \u015eirketi (\u201c<strong>Maroteknoloji<\/strong>\u201d veya \u201c<strong>\u015eirket<\/strong>\u201d) taraf\u0131ndan hangi kapsamda i\u015flenebilece\u011fi a\u015fa\u011f\u0131da a\u00e7\u0131klanm\u0131\u015ft\u0131r.<\/p>\n<ol style=\"list-style-type: upper-roman;\">\n<li><strong> Ki\u015fisel Verilerinizi Toplamam\u0131z\u0131n Y\u00f6ntemi ve Hukuki Sebebi Nedir?<br \/>\n<\/strong>Ki\u015fisel verileriniz faaliyetlerimizi y\u00fcr\u00fctmek amac\u0131yla \u015eirket\u2019imiz taraf\u0131ndan farkl\u0131 kanallarla ve mevzuata ve \u015eirket politikalar\u0131na uyumun sa\u011flanmas\u0131 hukuki sebeplerine dayan\u0131larak toplanmaktad\u0131r. Ki\u015fisel verileriniz, KVKK taraf\u0131ndan \u00f6ng\u00f6r\u00fclen temel ilkelere uygun olarak, KVKK\u2019n\u0131n 5. ve 6. maddelerinde belirtilen ki\u015fisel veri i\u015fleme \u015fartlar\u0131 ve ama\u00e7lar\u0131 kapsam\u0131nda i\u015fbu Ayd\u0131nlatma Metninde belirtilen ama\u00e7larla da i\u015flenebilmekte ve aktar\u0131labilmektedir.<\/li>\n<li><strong>Ki\u015fisel Verilerinizi Hangi Ama\u00e7la \u0130\u015fliyoruz?<br \/>\n<\/strong>Toplanan ki\u015fisel verileriniz, KVKK taraf\u0131ndan \u00f6ng\u00f6r\u00fclen temel ilkelere uygun olarak ve KVKK\u2019n\u0131n 5. ve 6. maddelerinde belirtilen ki\u015fisel veri i\u015fleme \u015fartlar\u0131 ve ama\u00e7lar\u0131 dahilinde, Maroteknoloji\u00a0 taraf\u0131ndan a\u015fa\u011f\u0131da yer alan ama\u00e7larla i\u015flenebilmektedir:<\/p>\n<ul>\n<li>Maroteknoloji&#8217;nin y\u00fcr\u00fctt\u00fc\u011f\u00fc ticari faaliyetlerin mevzuata ve \u015eirket politikalar\u0131na uygun olarak yerine getirilmesi i\u00e7in \u015eirket\u2019imizin i\u015f birimleri taraf\u0131ndan gerekli \u00e7al\u0131\u015fmalar\u0131n yap\u0131lmas\u0131 ve bu do\u011frultuda faaliyetlerin y\u00fcr\u00fct\u00fclmesi;<\/li>\n<li>Maroteknoloji \u2019nin k\u0131sa, orti\u015fa ve uzun vadede ticari politikalar\u0131n\u0131n tespit edilmesi, planlanmas\u0131 ve uygulanmas\u0131;<\/li>\n<li>Maroteknoloji\u2019nin insan kaynaklar\u0131 faaliyetlerinin tasarlanmas\u0131 ve y\u00fcr\u00fct\u00fclmesi;<\/li>\n<li>Maroteknoloji\u2019nin insan kaynaklar\u0131 faaliyetlerinin tasarlanmas\u0131na, planlanmas\u0131na ve icras\u0131na destek olunmas\u0131;<\/li>\n<li>Maroteknoloji\u2019nin ve i\u015f ili\u015fkisi i\u00e7erisinde olunan ger\u00e7ek ki\u015filerin ticari ve hukuki emniyetinin sa\u011flanmas\u0131;<\/li>\n<li>Maroteknoloji\u2019nin ticari itibar\u0131n\u0131n ve olu\u015fturdu\u011fu g\u00fcvenin korunmas\u0131.<\/li>\n<\/ul>\n<\/li>\n<li><strong>Ki\u015fisel Verilerinizi Kimlere ve Hangi Ama\u00e7la Aktar\u0131yoruz?<br \/>\n<\/strong>Toplanan ki\u015fisel verileriniz; KVKK taraf\u0131ndan \u00f6ng\u00f6r\u00fclen temel ilkelere uygun olarak ve KVKK\u2019n\u0131n 8. ve 9. maddelerinde belirtilen ki\u015fisel veri i\u015fleme \u015fartlar\u0131 ve ama\u00e7lar\u0131 dahilinde, Maroteknoloji taraf\u0131ndan a\u015fa\u011f\u0131da yer alan ama\u00e7larla; i\u015f ortaklar\u0131m\u0131za, kanunen yetkili kamu kurumlar\u0131na ve \u00f6zel ki\u015filere aktar\u0131labilmektedir:<\/p>\n<ul>\n<li>Maroteknoloji\u2019nin y\u00fcr\u00fctt\u00fc\u011f\u00fc ticari faaliyetlerin mevzuata ve \u015eirket politikalar\u0131na uygun olarak yerine getirilmesi i\u00e7in \u015eirket\u2019imizin i\u015f birimleri taraf\u0131ndan gerekli \u00e7al\u0131\u015fmalar\u0131n yap\u0131lmas\u0131 ve bu do\u011frultuda faaliyetlerin y\u00fcr\u00fct\u00fclmesi;<\/li>\n<li>Maroteknoloji\u2019nin k\u0131sa, orta ve uzun vadede ticari politikalar\u0131n\u0131n tespit edilmesi, planlanmas\u0131 ve uygulanmas\u0131;<\/li>\n<li>Maroteknoloji\u2019nin insan kaynaklar\u0131 faaliyetlerinin tasarlanmas\u0131 ve y\u00fcr\u00fct\u00fclmesi;<\/li>\n<li>Maroteknoloji\u2019nin ve i\u015f ili\u015fkisi i\u00e7erisinde olunan ger\u00e7ek ki\u015filerin ticari ve hukuki emniyetinin sa\u011flanmas\u0131;<\/li>\n<li>Maroteknoloji\u2019nin ticari itibar\u0131n\u0131n ve olu\u015fturdu\u011fu g\u00fcvenin korunmas\u0131.<\/li>\n<\/ul>\n<\/li>\n<li><strong>Veri Sahibi Olarak KVKK\u2019n\u0131n 11. Maddesinde Say\u0131lan Haklar\u0131n\u0131z Nelerdir?<\/strong>\n<ul>\n<li>Ki\u015fisel verisi i\u015flenen ger\u00e7ek ki\u015filerin KVKK\u2019n\u0131n 11. maddesi uyar\u0131ca sahip oldu\u011fu haklar a\u015fa\u011f\u0131daki gibidir;<\/li>\n<li>Ki\u015fisel veri i\u015flenip i\u015flenmedi\u011fini \u00f6\u011frenme,<\/li>\n<li>Ki\u015fisel verileri i\u015flenmi\u015fse buna ili\u015fkin bilgi talep etme,<\/li>\n<li>Ki\u015fisel verilerin i\u015flenme amac\u0131n\u0131 ve bunlar\u0131n amac\u0131na uygun kullan\u0131l\u0131p kullan\u0131lmad\u0131\u011f\u0131n\u0131 \u00f6\u011frenme,<\/li>\n<li>Yurt i\u00e7inde veya yurt d\u0131\u015f\u0131nda ki\u015fisel verilerin aktar\u0131ld\u0131\u011f\u0131 \u00fc\u00e7\u00fcnc\u00fc ki\u015fileri bilme,<\/li>\n<li>Ki\u015fisel verilerin eksik veya yanl\u0131\u015f i\u015flenmi\u015f olmas\u0131 h\u00e2linde bunlar\u0131n d\u00fczeltilmesini isteme ve bu kapsamda yap\u0131lan i\u015flemin ki\u015fisel verilerin aktar\u0131ld\u0131\u011f\u0131 \u00fc\u00e7\u00fcnc\u00fc ki\u015filere bildirilmesini isteme,<\/li>\n<li>KVKK ve ilgili di\u011fer kanun h\u00fck\u00fcmlerine uygun olarak i\u015flenmi\u015f olmas\u0131na ra\u011fmen, i\u015flenmesini gerektiren sebeplerin ortadan kalkmas\u0131 h\u00e2linde ki\u015fisel verilerin silinmesini veya yok edilmesini isteme ve bu kapsamda yap\u0131lan i\u015flemin ki\u015fisel verilerin aktar\u0131ld\u0131\u011f\u0131 \u00fc\u00e7\u00fcnc\u00fc ki\u015filere bildirilmesini isteme,<\/li>\n<li>\u0130\u015flenen verilerin m\u00fcnhas\u0131ran otomatik sistemler vas\u0131tas\u0131yla analiz edilmesi suretiyle ki\u015finin kendisi aleyhine bir sonucun ortaya \u00e7\u0131kmas\u0131na itiraz etme,<\/li>\n<li>Ki\u015fisel verilerin kanuna ayk\u0131r\u0131 olarak i\u015flenmesi sebebiyle zarara u\u011framas\u0131 h\u00e2linde zarar\u0131n giderilmesini talep etme.<\/li>\n<\/ul>\n<\/li>\n<\/ol>\n<p>Yukar\u0131da s\u0131ralanan haklar\u0131n\u0131za y\u00f6nelik ba\u015fvurular\u0131n\u0131z\u0131, <a href=\"http:\/\/www.maroteknoloji.com\">www.maroteknoloji.com<\/a> internet adresinde yer alan <strong><a href=\"http:\/\/www.maroteknoloji.com\/wp-content\/uploads\/2019\/11\/Veri-Sorumlusu-Ba\u015fvuru-FormuEk4.pdf\" target=\"_blank\" rel=\"noopener\">Veri Sorumlusu Ba\u015fvuru Formu<\/a><\/strong><strong>\u2019<\/strong>nu kullanarak iletebilirsiniz.<\/p>\n<p>\u015eirket\u2019imiz, talebin niteli\u011fine g\u00f6re talebi en k\u0131sa s\u00fcrede ve en ge\u00e7 otuz (30) g\u00fcn i\u00e7inde \u00fccretsiz olarak sonu\u00e7land\u0131racakt\u0131r. Ancak, i\u015flemin ayr\u0131ca bir maliyeti gerektirmesi h\u00e2linde, taraf\u0131m\u0131zca Ki\u015fisel Verileri Koruma Kurulu taraf\u0131ndan belirlenen tarifedeki \u00fccret al\u0131nacakt\u0131r.<\/p>\n<\/div><\/section><\/div><\/div><\/div><\/div><!-- close content main div --><\/div><\/div><div id='after_section_2'  class='main_color av_default_container_wrap container_wrap sidebar_right' style=' '  ><div class='container' ><div class='template-page content  av-content-small alpha units'><div class='post-entry post-entry-type-page post-entry-2940'><div class='entry-content-wrapper clearfix'>\n","protected":false},"excerpt":{"rendered":"","protected":false},"author":1,"featured_media":0,"parent":0,"menu_order":4,"comment_status":"closed","ping_status":"closed","template":"","meta":{"footnotes":""},"class_list":["post-2940","page","type-page","status-publish","hentry"],"_links":{"self":[{"href":"https:\/\/www.maroteknoloji.com\/tr\/wp-json\/wp\/v2\/pages\/2940","targetHints":{"allow":["GET"]}}],"collection":[{"href":"https:\/\/www.maroteknoloji.com\/tr\/wp-json\/wp\/v2\/pages"}],"about":[{"href":"https:\/\/www.maroteknoloji.com\/tr\/wp-json\/wp\/v2\/types\/page"}],"author":[{"embeddable":true,"href":"https:\/\/www.maroteknoloji.com\/tr\/wp-json\/wp\/v2\/users\/1"}],"replies":[{"embeddable":true,"href":"https:\/\/www.maroteknoloji.com\/tr\/wp-json\/wp\/v2\/comments?post=2940"}],"version-history":[{"count":4,"href":"https:\/\/www.maroteknoloji.com\/tr\/wp-json\/wp\/v2\/pages\/2940\/revisions"}],"predecessor-version":[{"id":2953,"href":"https:\/\/www.maroteknoloji.com\/tr\/wp-json\/wp\/v2\/pages\/2940\/revisions\/2953"}],"wp:attachment":[{"href":"https:\/\/www.maroteknoloji.com\/tr\/wp-json\/wp\/v2\/media?parent=2940"}],"curies":[{"name":"wp","href":"https:\/\/api.w.org\/{rel}","templated":true}]}}