{"id":1325,"date":"2016-01-20T13:20:13","date_gmt":"2016-01-20T13:20:13","guid":{"rendered":"http:\/\/www.maroteknoloji.com\/hizmetler\/it-assessment-executive-advisory\/"},"modified":"2016-07-25T14:08:42","modified_gmt":"2016-07-25T14:08:42","slug":"it-assessment-executive-advisory","status":"publish","type":"page","link":"https:\/\/www.maroteknoloji.com\/tr\/hizmetler\/it-assessment-executive-advisory\/","title":{"rendered":"IT Assessment &#038; Y\u00f6netim Dan\u0131\u015fmanl\u0131\u011f\u0131"},"content":{"rendered":"<div id='homeheading'  class='avia-section main_color avia-section-no-padding avia-no-border-styling  avia-full-stretch avia-bg-style-scroll  avia-builder-el-0  el_before_av_hr  avia-builder-el-first   av-minimum-height av-minimum-height-custom  container_wrap sidebar_right' style='background-repeat: no-repeat; background-image: url(https:\/\/www.maroteknoloji.com\/wp-content\/uploads\/2015\/10\/maro-header-serv-it-assessment.jpg);background-attachment: scroll; background-position: center center;  '  data-section-bg-repeat='stretch'><div class='container' style='height:300px'><main  role=\"main\" itemprop=\"mainContentOfPage\"  class='template-page content  av-content-small alpha units'><div class='post-entry post-entry-type-page post-entry-1325'><div class='entry-content-wrapper clearfix'>\n<div  style='height:50px' class='hr hr-invisible   avia-builder-el-1  el_before_av_two_fifth  avia-builder-el-first '><span class='hr-inner ' ><span class='hr-inner-style'><\/span><\/span><\/div>\n<div class=\"flex_column av_two_fifth  flex_column_div first  avia-builder-el-2  el_after_av_hr  avia-builder-el-last  \" style='padding:20px 20px 10px 20px ; background-color:rgba(247,242,232,0.9); border-radius:0px; '><div  style='padding-bottom:10px; color:#000000;' class='av-special-heading av-special-heading-h3 custom-color-heading blockquote modern-quote  avia-builder-el-3  avia-builder-el-no-sibling  '><h3 class='av-special-heading-tag '  itemprop=\"headline\"  >IT De\u011ferleme <span class='special_amp'>&amp;<\/span> Y\u00f6netim Dan\u0131\u015fmanl\u0131\u011f\u0131<\/h3><div class ='av-subheading av-subheading_below av_custom_color ' style='font-size:15px;'><p>Kurumsal IT mimarileri hakk\u0131nda edindi\u011fimiz engin deneyimi kullanarak, IT yeniden yap\u0131land\u0131rmas\u0131na y\u00f6nelik stratejik kararlar alma, y\u00f6neti\u015fimi geli\u015ftirme, rekabet\u00e7i ve etkin organizasyonlar yaratma do\u011frultusunda katma de\u011ferli hizmetler sunuyoruz.<\/p>\n<\/div><div class='special-heading-border'><div class='special-heading-inner-border' style='border-color:#000000'><\/div><\/div><\/div><\/div><\/div><\/div><\/main><!-- close content main element --><\/div><\/div><div id='after_section_1'  class='main_color av_default_container_wrap container_wrap sidebar_right' style=' '  ><div class='container' ><div class='template-page content  av-content-small alpha units'><div class='post-entry post-entry-type-page post-entry-1325'><div class='entry-content-wrapper clearfix'><div  style='height:10px' class='hr hr-invisible   avia-builder-el-4  el_after_av_section  el_before_av_one_fifth  avia-builder-el-first '><span class='hr-inner ' ><span class='hr-inner-style'><\/span><\/span><\/div><\/p>\n<div class=\"flex_column av_one_fifth  av-animated-generic bottom-to-top  flex_column_div av-zero-column-padding first  avia-builder-el-5  el_after_av_hr  el_before_av_three_fifth  \" style='margin-top:0px; margin-bottom:0px; border-radius:0px; '><\/div>\n<div class=\"flex_column av_three_fifth  av-animated-generic bottom-to-top  flex_column_div av-zero-column-padding   avia-builder-el-6  el_after_av_one_fifth  el_before_av_one_fifth  \" style='margin-top:0px; margin-bottom:0px; border-radius:0px; '><p><div  style='padding-bottom:10px; color:#543018;' class='av-special-heading av-special-heading-h2 custom-color-heading blockquote modern-quote modern-centered  avia-builder-el-7  el_before_av_textblock  avia-builder-el-first  '><h2 class='av-special-heading-tag '  itemprop=\"headline\"  >IT DE\u011eERLEME <span class='special_amp'>&amp;<\/span> Y\u00d6NET\u0130M DANI\u015eMANLI\u011eI<\/h2><div class='special-heading-border'><div class='special-heading-inner-border' style='border-color:#543018'><\/div><\/div><\/div><br \/>\n<section class=\"av_textblock_section \"  itemscope=\"itemscope\" itemtype=\"https:\/\/schema.org\/CreativeWork\" ><div class='avia_textblock  '   itemprop=\"text\" ><p>IT De\u011ferleme hizmetlerimizin bir par\u00e7as\u0131 olarak, m\u00fc\u015fterilerimizin bilgi teknolojileri altyap\u0131s\u0131n\u0131, metodolojilerini, kullan\u0131lan temel ve \u00e7evre yaz\u0131l\u0131m \u00fcr\u00fcnlerini analiz ediyoruz. Yerel ve global \u00f6rneklerle mukayese ederek, stat\u00fcs\u00fcn\u00fc belirliyoruz. \u00d6nerilerimiz farkl\u0131 yol haritalar\u0131n\u0131 da i\u00e7ermektedir. M\u00fc\u015fterilerimiz, hizmetlerimizden ciddi kazan\u0131mlar elde etmektedir.<\/p>\n<p>IT yeniden yap\u0131land\u0131rmas\u0131nda stratejik kararlar almak, projelere h\u0131z kazand\u0131rmak, ilgili tedarik\u00e7ileri belirlemek ve rekabet\u00e7i, etkin ortamlar yaratmak i\u00e7in katma de\u011ferli hizmetler sunuyoruz.<\/p>\n<p>M\u00fc\u015fterinin IT organizasyonunu, metodolojilerini, IT altyap\u0131s\u0131n\u0131, yaz\u0131l\u0131mlar\u0131n\u0131 de\u011ferlendirerek, \u015firketin hedefleri ve teknolojik geli\u015fmeler do\u011frultusunda \u00a0IT yol haritas\u0131n\u0131 haz\u0131rlamak i\u00e7in Y\u00f6netim Dan\u0131\u015fmanl\u0131\u011f\u0131 hizmeti de sa\u011fl\u0131yoruz.<\/p>\n<\/div><\/section><\/p><\/div><div class=\"flex_column av_one_fifth  av-animated-generic bottom-to-top  flex_column_div av-zero-column-padding   avia-builder-el-9  el_after_av_three_fifth  el_before_av_hr  \" style='margin-top:0px; margin-bottom:0px; border-radius:0px; '><\/div><\/p>\n<div  style=' margin-top:10px; margin-bottom:25px;'  class='hr hr-custom hr-center hr-icon-no   avia-builder-el-10  el_after_av_one_fifth  el_before_av_one_fifth '><span class='hr-inner  inner-border-av-border-thin' style=' width:150px; border-color:#543018;' ><span class='hr-inner-style'><\/span><\/span><\/div>\n<div class=\"flex_column av_one_fifth  av-animated-generic bottom-to-top  flex_column_div av-zero-column-padding first  avia-builder-el-11  el_after_av_hr  el_before_av_three_fifth  \" style='border-radius:0px; '><\/div>\n<div class=\"flex_column av_three_fifth  av-animated-generic bottom-to-top  flex_column_div av-zero-column-padding   avia-builder-el-12  el_after_av_one_fifth  el_before_av_one_fifth  \" style='border-radius:0px; '><div  style='padding-bottom:10px; ' class='av-special-heading av-special-heading-h2  blockquote modern-quote modern-centered  avia-builder-el-13  avia-builder-el-no-sibling  '><h2 class='av-special-heading-tag '  itemprop=\"headline\"  >REFERANSLARIMIZ<\/h2><div class='special-heading-border'><div class='special-heading-inner-border' ><\/div><\/div><\/div><\/div><div class=\"flex_column av_one_fifth  av-animated-generic bottom-to-top  flex_column_div av-zero-column-padding   avia-builder-el-14  el_after_av_three_fifth  el_before_av_layout_row  avia-builder-el-last  \" style='border-radius:0px; '><\/div><\/p>\n<\/div><\/div><\/div><!-- close content main div --><\/div><\/div><div id='av-layout-grid-1'  class='av-layout-grid-container entry-content-wrapper main_color av-flex-cells     avia-builder-el-15  el_after_av_one_fifth  avia-builder-el-last  submenu-not-first container_wrap sidebar_right' style=' '  >\n<div class=\"flex_cell no_margin av_one_fifth  avia-builder-el-16  el_before_av_cell_three_fifth  avia-builder-el-first   av-zero-padding \"  style='vertical-align:top; padding:0px; ' ><div class='flex_cell_inner' ><\/div><\/div><div class=\"flex_cell no_margin av_three_fifth  avia-builder-el-17  el_after_av_cell_one_fifth  el_before_av_cell_one_fifth   \"  style='vertical-align:top; padding:0px 0px 20px 0px ; ' ><div class='flex_cell_inner' ><div class='portfolio_preview_container ' data-portfolio-id='1'>\n\t\t\t\t\t\t\t\t<div class='ajax_controlls iconfont'>\n\t\t\t\t\t\t\t\t\t<a href='#prev' class='ajax_previous' \taria-hidden='true' data-av_icon='\ue878' data-av_iconfont='entypo-fontello'><\/a>\n\t\t\t\t\t\t\t\t\t<a href='#next' class='ajax_next'\t\taria-hidden='true' data-av_icon='\ue879' data-av_iconfont='entypo-fontello'><\/a>\n\t\t\t\t\t\t\t\t\t<a class='avia_close' href='#close'\t\taria-hidden='true' data-av_icon='\ue814' data-av_iconfont='entypo-fontello'><\/a>\n\t\t\t\t\t\t\t\t<\/div>\n\t\t\t\t\t\t\t\t<div class='portfolio-details-inner'><\/div>\n\t\t\t\t\t\t\t<\/div><div  id=\"av-sc-portfolio-1\"  class=' grid-sort-container isotope   no_margin-container with-title-container grid-total-even grid-col-4 grid-links-ajax' data-portfolio-id='1'><div data-ajax-id='1775' class=' grid-entry flex_column isotope-item all_sort no_margin post-entry post-entry-1775 grid-entry-overview grid-loop-1 grid-parity-odd  it-assessment-executive-advisory-tr_sort it-assessment-executive-advisory-services-tr_sort  av_one_fourth first default_av_fullwidth '><article class='main_color inner-entry'  itemscope=\"itemscope\" itemtype=\"https:\/\/schema.org\/CreativeWork\" ><a href='https:\/\/www.maroteknoloji.com\/tr\/our-services\/it-assessment-management-consulting\/' title='IT Assessment &#038; Y\u00f6netim Dan\u0131\u015fmanl\u0131\u011f\u0131'  data-rel='grid-1' class='grid-image avia-hover-fx'> <img decoding=\"async\" width=\"842\" height=\"425\" src=\"https:\/\/www.maroteknoloji.com\/wp-content\/uploads\/2019\/03\/alternatifbank-logo-e1553780427203.png\" class=\"wp-image-2804 avia-img-lazy-loading-not-2804 attachment-no scaling size-no scaling wp-post-image\" alt=\"\" srcset=\"https:\/\/www.maroteknoloji.com\/wp-content\/uploads\/2019\/03\/alternatifbank-logo-e1553780427203.png 842w, https:\/\/www.maroteknoloji.com\/wp-content\/uploads\/2019\/03\/alternatifbank-logo-e1553780427203-300x151.png 300w, https:\/\/www.maroteknoloji.com\/wp-content\/uploads\/2019\/03\/alternatifbank-logo-e1553780427203-768x388.png 768w, https:\/\/www.maroteknoloji.com\/wp-content\/uploads\/2019\/03\/alternatifbank-logo-e1553780427203-705x356.png 705w, https:\/\/www.maroteknoloji.com\/wp-content\/uploads\/2019\/03\/alternatifbank-logo-e1553780427203-450x227.png 450w\" sizes=\"(max-width: 842px) 100vw, 842px\" \/><\/a><div class='grid-content'><div class='avia-arrow'><\/div><header class=\"entry-content-header\"><h3 class='grid-entry-title entry-title '  itemprop=\"headline\" ><a href='https:\/\/www.maroteknoloji.com\/tr\/our-services\/it-assessment-management-consulting\/' title='IT Assessment &#038; Y\u00f6netim Dan\u0131\u015fmanl\u0131\u011f\u0131'>IT Assessment &#038; Y\u00f6netim Dan\u0131\u015fmanl\u0131\u011f\u0131<\/a><\/h3><\/header><\/div><footer class=\"entry-footer\"><\/footer><\/article><\/div><div data-ajax-id='1776' class=' grid-entry flex_column isotope-item all_sort no_margin post-entry post-entry-1776 grid-entry-overview grid-loop-2 grid-parity-even  it-assessment-executive-advisory-tr_sort it-assessment-executive-advisory-services-tr_sort  av_one_fourth  default_av_fullwidth '><article class='main_color inner-entry'  itemscope=\"itemscope\" itemtype=\"https:\/\/schema.org\/CreativeWork\" ><a href='https:\/\/www.maroteknoloji.com\/tr\/our-services\/yonetim-organizasyon-danismanligi\/' title='Y\u00f6netim Ve Organizasyon Dan\u0131\u015fmanl\u0131\u011f\u0131'  data-rel='grid-1' class='grid-image avia-hover-fx'> <img decoding=\"async\" width=\"600\" height=\"300\" src=\"https:\/\/www.maroteknoloji.com\/wp-content\/uploads\/2016\/01\/Turkiye-IsBankasi.jpg\" class=\"wp-image-1763 avia-img-lazy-loading-not-1763 attachment-no scaling size-no scaling wp-post-image\" alt=\"\" srcset=\"https:\/\/www.maroteknoloji.com\/wp-content\/uploads\/2016\/01\/Turkiye-IsBankasi.jpg 600w, https:\/\/www.maroteknoloji.com\/wp-content\/uploads\/2016\/01\/Turkiye-IsBankasi-300x150.jpg 300w, https:\/\/www.maroteknoloji.com\/wp-content\/uploads\/2016\/01\/Turkiye-IsBankasi-450x225.jpg 450w\" sizes=\"(max-width: 600px) 100vw, 600px\" \/><\/a><div class='grid-content'><div class='avia-arrow'><\/div><header class=\"entry-content-header\"><h3 class='grid-entry-title entry-title '  itemprop=\"headline\" ><a href='https:\/\/www.maroteknoloji.com\/tr\/our-services\/yonetim-organizasyon-danismanligi\/' title='Y\u00f6netim Ve Organizasyon Dan\u0131\u015fmanl\u0131\u011f\u0131'>Y\u00f6netim Ve Organizasyon Dan\u0131\u015fmanl\u0131\u011f\u0131<\/a><\/h3><\/header><\/div><footer class=\"entry-footer\"><\/footer><\/article><\/div><div data-ajax-id='1774' class=' grid-entry flex_column isotope-item all_sort no_margin post-entry post-entry-1774 grid-entry-overview grid-loop-3 grid-parity-odd  it-assessment-executive-advisory-tr_sort it-assessment-executive-advisory-services-tr_sort  av_one_fourth  default_av_fullwidth '><article class='main_color inner-entry'  itemscope=\"itemscope\" itemtype=\"https:\/\/schema.org\/CreativeWork\" ><a href='https:\/\/www.maroteknoloji.com\/tr\/our-services\/it-assessment-yeniden-yapilanma\/' title='IT Assessment &#038; Yeniden Yap\u0131lanma'  data-rel='grid-1' class='grid-image avia-hover-fx'> <img decoding=\"async\" width=\"600\" height=\"300\" src=\"https:\/\/www.maroteknoloji.com\/wp-content\/uploads\/2016\/01\/LC-Waikiki.jpg\" class=\"wp-image-1773 avia-img-lazy-loading-not-1773 attachment-no scaling size-no scaling wp-post-image\" alt=\"\" srcset=\"https:\/\/www.maroteknoloji.com\/wp-content\/uploads\/2016\/01\/LC-Waikiki.jpg 600w, https:\/\/www.maroteknoloji.com\/wp-content\/uploads\/2016\/01\/LC-Waikiki-300x150.jpg 300w, https:\/\/www.maroteknoloji.com\/wp-content\/uploads\/2016\/01\/LC-Waikiki-450x225.jpg 450w\" sizes=\"(max-width: 600px) 100vw, 600px\" \/><\/a><div class='grid-content'><div class='avia-arrow'><\/div><header class=\"entry-content-header\"><h3 class='grid-entry-title entry-title '  itemprop=\"headline\" ><a href='https:\/\/www.maroteknoloji.com\/tr\/our-services\/it-assessment-yeniden-yapilanma\/' title='IT Assessment &#038; Yeniden Yap\u0131lanma'>IT Assessment &#038; Yeniden Yap\u0131lanma<\/a><\/h3><\/header><\/div><footer class=\"entry-footer\"><\/footer><\/article><\/div><div data-ajax-id='1772' class=' grid-entry flex_column isotope-item all_sort no_margin post-entry post-entry-1772 grid-entry-overview grid-loop-4 grid-parity-even  it-assessment-executive-advisory-tr_sort it-assessment-executive-advisory-services-tr_sort  av_one_fourth  default_av_fullwidth '><article class='main_color inner-entry'  itemscope=\"itemscope\" itemtype=\"https:\/\/schema.org\/CreativeWork\" ><a href='https:\/\/www.maroteknoloji.com\/tr\/our-services\/erp-secim-projesi\/' title='ERP Se\u00e7im Projesi'  data-rel='grid-1' class='grid-image avia-hover-fx'> <img decoding=\"async\" width=\"600\" height=\"300\" src=\"https:\/\/www.maroteknoloji.com\/wp-content\/uploads\/2016\/01\/LC-Waikiki.jpg\" class=\"wp-image-1773 avia-img-lazy-loading-not-1773 attachment-no scaling size-no scaling wp-post-image\" alt=\"\" srcset=\"https:\/\/www.maroteknoloji.com\/wp-content\/uploads\/2016\/01\/LC-Waikiki.jpg 600w, https:\/\/www.maroteknoloji.com\/wp-content\/uploads\/2016\/01\/LC-Waikiki-300x150.jpg 300w, https:\/\/www.maroteknoloji.com\/wp-content\/uploads\/2016\/01\/LC-Waikiki-450x225.jpg 450w\" sizes=\"(max-width: 600px) 100vw, 600px\" \/><\/a><div class='grid-content'><div class='avia-arrow'><\/div><header class=\"entry-content-header\"><h3 class='grid-entry-title entry-title '  itemprop=\"headline\" ><a href='https:\/\/www.maroteknoloji.com\/tr\/our-services\/erp-secim-projesi\/' title='ERP Se\u00e7im Projesi'>ERP Se\u00e7im Projesi<\/a><\/h3><\/header><\/div><footer class=\"entry-footer\"><\/footer><\/article><\/div><div data-ajax-id='1740' class=' grid-entry flex_column isotope-item all_sort no_margin post-entry post-entry-1740 grid-entry-overview grid-loop-5 grid-parity-odd  it-assessment-executive-advisory-tr_sort it-assessment-executive-advisory-services-tr_sort  av_one_fourth first default_av_fullwidth '><article class='main_color inner-entry'  itemscope=\"itemscope\" itemtype=\"https:\/\/schema.org\/CreativeWork\" ><a href='https:\/\/www.maroteknoloji.com\/tr\/our-services\/turkish-bank\/' title='Vendor &#038; Sales Advisory'  data-rel='grid-1' class='grid-image avia-hover-fx'> <img decoding=\"async\" width=\"600\" height=\"300\" src=\"https:\/\/www.maroteknoloji.com\/wp-content\/uploads\/2016\/01\/turkish-bank.jpg\" class=\"wp-image-1741 avia-img-lazy-loading-not-1741 attachment-no scaling size-no scaling wp-post-image\" alt=\"\" srcset=\"https:\/\/www.maroteknoloji.com\/wp-content\/uploads\/2016\/01\/turkish-bank.jpg 600w, https:\/\/www.maroteknoloji.com\/wp-content\/uploads\/2016\/01\/turkish-bank-300x150.jpg 300w, https:\/\/www.maroteknoloji.com\/wp-content\/uploads\/2016\/01\/turkish-bank-450x225.jpg 450w\" sizes=\"(max-width: 600px) 100vw, 600px\" \/><\/a><div class='grid-content'><div class='avia-arrow'><\/div><header class=\"entry-content-header\"><h3 class='grid-entry-title entry-title '  itemprop=\"headline\" ><a href='https:\/\/www.maroteknoloji.com\/tr\/our-services\/turkish-bank\/' title='Vendor &#038; Sales Advisory'>Vendor &#038; Sales Advisory<\/a><\/h3><\/header><\/div><footer class=\"entry-footer\"><\/footer><\/article><\/div><div data-ajax-id='2824' class=' grid-entry flex_column isotope-item all_sort no_margin post-entry post-entry-2824 grid-entry-overview grid-loop-6 grid-parity-even  post-entry-last  it-assessment-executive-advisory-tr_sort it-assessment-executive-advisory-services-tr_sort  av_one_fourth  default_av_fullwidth '><article class='main_color inner-entry'  itemscope=\"itemscope\" itemtype=\"https:\/\/schema.org\/CreativeWork\" ><a href='https:\/\/www.maroteknoloji.com\/tr\/our-services\/fcb-test-strateji-planlama\/' title='FCB Test Strateji &#038; Planlama Dan\u0131\u015fmanl\u0131\u011f\u0131'  data-rel='grid-1' class='grid-image avia-hover-fx'> <img decoding=\"async\" width=\"600\" height=\"300\" src=\"https:\/\/www.maroteknoloji.com\/wp-content\/uploads\/2016\/01\/HSBC.jpg\" class=\"wp-image-1725 avia-img-lazy-loading-not-1725 attachment-no scaling size-no scaling wp-post-image\" alt=\"\" srcset=\"https:\/\/www.maroteknoloji.com\/wp-content\/uploads\/2016\/01\/HSBC.jpg 600w, https:\/\/www.maroteknoloji.com\/wp-content\/uploads\/2016\/01\/HSBC-300x150.jpg 300w, https:\/\/www.maroteknoloji.com\/wp-content\/uploads\/2016\/01\/HSBC-450x225.jpg 450w\" sizes=\"(max-width: 600px) 100vw, 600px\" \/><\/a><div class='grid-content'><div class='avia-arrow'><\/div><header class=\"entry-content-header\"><h3 class='grid-entry-title entry-title '  itemprop=\"headline\" ><a href='https:\/\/www.maroteknoloji.com\/tr\/our-services\/fcb-test-strateji-planlama\/' title='FCB Test Strateji &#038; Planlama Dan\u0131\u015fmanl\u0131\u011f\u0131'>FCB Test Strateji &#038; Planlama Dan\u0131\u015fmanl\u0131\u011f\u0131<\/a><\/h3><\/header><\/div><footer class=\"entry-footer\"><\/footer><\/article><\/div><\/div>\n<\/div><\/div><div class=\"flex_cell no_margin av_one_fifth  avia-builder-el-19  el_after_av_cell_three_fifth  avia-builder-el-last   av-zero-padding \"  style='vertical-align:top; padding:0px; ' ><div class='flex_cell_inner' ><\/div><\/div>\n<\/div>\n","protected":false},"excerpt":{"rendered":"","protected":false},"author":1,"featured_media":0,"parent":1292,"menu_order":10,"comment_status":"closed","ping_status":"closed","template":"","meta":{"footnotes":""},"class_list":["post-1325","page","type-page","status-publish","hentry"],"_links":{"self":[{"href":"https:\/\/www.maroteknoloji.com\/tr\/wp-json\/wp\/v2\/pages\/1325","targetHints":{"allow":["GET"]}}],"collection":[{"href":"https:\/\/www.maroteknoloji.com\/tr\/wp-json\/wp\/v2\/pages"}],"about":[{"href":"https:\/\/www.maroteknoloji.com\/tr\/wp-json\/wp\/v2\/types\/page"}],"author":[{"embeddable":true,"href":"https:\/\/www.maroteknoloji.com\/tr\/wp-json\/wp\/v2\/users\/1"}],"replies":[{"embeddable":true,"href":"https:\/\/www.maroteknoloji.com\/tr\/wp-json\/wp\/v2\/comments?post=1325"}],"version-history":[{"count":4,"href":"https:\/\/www.maroteknoloji.com\/tr\/wp-json\/wp\/v2\/pages\/1325\/revisions"}],"predecessor-version":[{"id":1933,"href":"https:\/\/www.maroteknoloji.com\/tr\/wp-json\/wp\/v2\/pages\/1325\/revisions\/1933"}],"up":[{"embeddable":true,"href":"https:\/\/www.maroteknoloji.com\/tr\/wp-json\/wp\/v2\/pages\/1292"}],"wp:attachment":[{"href":"https:\/\/www.maroteknoloji.com\/tr\/wp-json\/wp\/v2\/media?parent=1325"}],"curies":[{"name":"wp","href":"https:\/\/api.w.org\/{rel}","templated":true}]}}