{"id":1292,"date":"2015-10-15T15:32:49","date_gmt":"2015-10-15T15:32:49","guid":{"rendered":"http:\/\/www.maroteknoloji.com\/services-2\/"},"modified":"2016-07-25T14:07:53","modified_gmt":"2016-07-25T14:07:53","slug":"hizmetler","status":"publish","type":"page","link":"https:\/\/www.maroteknoloji.com\/tr\/hizmetler\/","title":{"rendered":"Hizmetler"},"content":{"rendered":"<div id='companyheading'  class='avia-section main_color avia-section-no-padding avia-no-border-styling  avia-full-stretch avia-bg-style-scroll  avia-builder-el-0  el_before_av_heading  avia-builder-el-first   av-minimum-height av-minimum-height-custom  container_wrap sidebar_right' style='background-repeat: no-repeat; background-image: url(https:\/\/www.maroteknoloji.com\/wp-content\/uploads\/2016\/01\/maro-teknoloji-slide-references.jpg);background-attachment: scroll; background-position: center center;  '  data-section-bg-repeat='stretch'><div class='container' style='height:300px'><main  role=\"main\" itemprop=\"mainContentOfPage\"  class='template-page content  av-content-small alpha units'><div class='post-entry post-entry-type-page post-entry-1292'><div class='entry-content-wrapper clearfix'>\n<div  style='height:50px' class='hr hr-invisible   avia-builder-el-1  el_before_av_three_fifth  avia-builder-el-first '><span class='hr-inner ' ><span class='hr-inner-style'><\/span><\/span><\/div>\n<div class=\"flex_column av_three_fifth  flex_column_div first  avia-builder-el-2  el_after_av_hr  el_before_av_two_fifth  \" style='padding:20px 20px 10px 20px ; border-radius:0px; '><\/div><div class=\"flex_column av_two_fifth  flex_column_div   avia-builder-el-3  el_after_av_three_fifth  avia-builder-el-last  \" style='padding:20px 20px 20px 20px ; background-color:rgba(247,242,232,0.9); border-radius:0px; '><section class=\"av_textblock_section \"  itemscope=\"itemscope\" itemtype=\"https:\/\/schema.org\/CreativeWork\" ><div class='avia_textblock  '  style='font-size:15px; '  itemprop=\"text\" ><p style=\"text-align: center;\">\u201cThere are three responses to a piece of work &#8211; yes, no and wow! Wow is the one to aim for.\u201d<\/p>\n<h3 style=\"text-align: center; font-size: 16px; margin-top: -5px; font-weight: normal;\">Milton Graser<\/h3>\n<\/div><\/section><\/div>\n<\/div><\/div><\/main><!-- close content main element --><\/div><\/div><div id='after_section_1'  class='main_color av_default_container_wrap container_wrap sidebar_right' style=' '  ><div class='container' ><div class='template-page content  av-content-small alpha units'><div class='post-entry post-entry-type-page post-entry-1292'><div class='entry-content-wrapper clearfix'>\n<div  style='padding-bottom:20px; ' class='av-special-heading av-special-heading-h2  blockquote modern-quote modern-centered  avia-builder-el-5  el_after_av_section  el_before_av_one_fifth  avia-builder-el-first  '><h2 class='av-special-heading-tag '  itemprop=\"headline\"  >Hizmetler<\/h2><div class='special-heading-border'><div class='special-heading-inner-border' ><\/div><\/div><\/div>\n<div class=\"flex_column av_one_fifth  av-animated-generic bottom-to-top  flex_column_div av-zero-column-padding first  avia-builder-el-6  el_after_av_heading  el_before_av_three_fifth  \" style='border-radius:0px; '><\/div>\n<div class=\"flex_column av_three_fifth  av-animated-generic bottom-to-top  flex_column_div av-zero-column-padding   avia-builder-el-7  el_after_av_one_fifth  el_before_av_one_fifth  \" style='border-radius:0px; '><section class=\"av_textblock_section \"  itemscope=\"itemscope\" itemtype=\"https:\/\/schema.org\/CreativeWork\" ><div class='avia_textblock  '   itemprop=\"text\" ><p>M\u00fc\u015fterilerimizin teknolojiyi kullanarak i\u015flerine ve \u015firketlerine de\u011fer katmalar\u0131n\u0131 istiyoruz. Bu nedenle, g\u00fcndemlerindeki bilgi teknolojileriyle ilgili organizasyonel, stratejik, operasyonel veya tasar\u0131mla ili\u015fkili konular\u0131 \u00e7\u00f6z\u00fcmlemelerine yard\u0131mc\u0131 olmak istiyoruz.<\/p>\n<p>M\u00fc\u015fterilerimize, \u00f6nemli teknik kararlar\u0131n\u0131 almakta yard\u0131mc\u0131 olabiliriz. Deneyimli kadromuzla, finans ve bankac\u0131l\u0131k kurumlar\u0131 ba\u015fta olmak \u00fczere IT\u2019nin hemen her dal\u0131nda dan\u0131\u015fmanl\u0131k verebiliriz.<\/p>\n<p>Maroteknoloji\u2019de, ki\u015fisel b\u00fct\u00fcnl\u00fck ve sayg\u0131 k\u00fclt\u00fcr\u00fcm\u00fcz var. Bu nedenle, m\u00fc\u015fterilerimizle i\u015fbirli\u011fi i\u00e7inde \u00e7al\u0131\u015f\u0131rken, gizlilik, g\u00fcven, d\u00fcr\u00fcstl\u00fck, yarat\u0131c\u0131l\u0131k ve ba\u011f\u0131ms\u0131z \u00f6neriler geli\u015ftirme konusunda \u00f6zenliyiz.<\/p>\n<\/div><\/section><\/div><div class=\"flex_column av_one_fifth  av-animated-generic bottom-to-top  flex_column_div av-zero-column-padding   avia-builder-el-9  el_after_av_three_fifth  el_before_av_hr  \" style='border-radius:0px; '><\/div><\/p>\n<div  style=' margin-top:15px; margin-bottom:35px;'  class='hr hr-custom hr-center hr-icon-no   avia-builder-el-10  el_after_av_one_fifth  el_before_av_one_half '><span class='hr-inner  inner-border-av-border-thin' style=' width:150px; border-color:#543018;' ><span class='hr-inner-style'><\/span><\/span><\/div>\n<div class=\"flex_column av_one_half  av-animated-generic bottom-to-top  flex_column_div av-zero-column-padding first  avia-builder-el-11  el_after_av_hr  el_before_av_one_half  \" style='border-radius:0px; '><section class=\"av_textblock_section \"  itemscope=\"itemscope\" itemtype=\"https:\/\/schema.org\/CreativeWork\" ><div class='avia_textblock  '   itemprop=\"text\" ><h3>Dan\u0131\u015fmanl\u0131k<\/h3>\n<p>T\u00fcm IT dallar\u0131nda deneyimli, Finans ve Bankac\u0131l\u0131k odakl\u0131 ekip<\/p>\n<h3>\u0130\u015f Analizi &amp; Test<\/h3>\n<p>Turkiye\u2019de Yaz\u0131l\u0131m geli\u015ftirme, \u0130\u015f Analizi ve Test\u00a0metodolojilerinin olu\u015fturulmas\u0131 ve uygulanmas\u0131na y\u00f6n vermi\u015f, yetkin bir ekip<\/p>\n<h3>Yaz\u0131l\u0131m Geli\u015ftirme<\/h3>\n<p>Zengin fonksiyon seti, otomatikle\u015ftirilmi\u015f ak\u0131\u015flar\u0131 ve kontrolleri olan; zaman\u0131nda ve b\u00fct\u00e7esi i\u00e7inde tamamlanan hizmetler<\/p>\n<h3>Proje Y\u00f6netimi<\/h3>\n<p>Deneyimli ekibimiz taraf\u0131ndan, risk y\u00f6netimi, maliyet, kalite, insan kaynaklar\u0131 ve kom\u00fcnikasyona y\u00f6nelik PMI metotlar\u0131 kullan\u0131lmaktad\u0131r<\/p>\n<\/div><\/section><\/div><div class=\"flex_column av_one_half  av-animated-generic bottom-to-top  flex_column_div av-zero-column-padding   avia-builder-el-13  el_after_av_one_half  el_before_av_one_fifth  \" style='border-radius:0px; '><section class=\"av_textblock_section \"  itemscope=\"itemscope\" itemtype=\"https:\/\/schema.org\/CreativeWork\" ><div class='avia_textblock  '   itemprop=\"text\" ><h3>IT Assessment &amp;\u00a0Y\u00f6netim Dan\u0131\u015fmal\u0131\u011f\u0131<\/h3>\n<p>IT yeniden yap\u0131land\u0131rmalar\u0131nda stratejik kararlar almak, projelere h\u0131z katmak, do\u011fru tedarik\u00e7ileri belirlemek ve etkin, rekabetci ortamlar yaratmaya y\u00f6nelik katma de\u011fer sa\u011flayan hizmetler<\/p>\n<h3>Bankac\u0131l\u0131k Teknolojileri<\/h3>\n<ul>\n<li>Temel Bankac\u0131l\u0131k teknolojilerinde 30 y\u0131l\u0131 a\u015fk\u0131n deneyim<\/li>\n<li>Hazine &amp; Krediler konular\u0131nda uzman dan\u0131\u015fmanlar<\/li>\n<\/ul>\n<h3>Perakende, \u0130n\u015faat\u00a0ve\u00a0Enerji\u00a0Sekt\u00f6r\u00a0Tecr\u00fcbesi<\/h3>\n<ul>\n<li>\u0130\u015f analiti\u011fi ve b\u00fcy\u00fck veri kullan\u0131m\u0131<\/li>\n<li>U\u00e7tan uca ERP \u00e7\u00f6z\u00fcm\u00fc geli\u015ftirme<\/li>\n<\/ul>\n<h3>\u0130nsan Kaynaklar\u0131 Dan\u0131\u015fmanl\u0131\u011f\u0131<\/h3>\n<p>IT b\u00f6l\u00fcmleri veya \u015firketler i\u00e7in g\u00f6rev, yetkinliklerin ve kariyer yollar\u0131n\u0131n tan\u0131mlanarak uygulamaya al\u0131nd\u0131\u011f\u0131 stratejik organizasyonel transformasyon dan\u0131\u015fmanl\u0131\u011f\u0131<\/p>\n<\/div><\/section><\/div><div class=\"flex_column av_one_fifth  av-animated-generic bottom-to-top  flex_column_div av-zero-column-padding first  avia-builder-el-15  el_after_av_one_half  el_before_av_three_fifth  column-top-margin\" style='border-radius:0px; '><\/div><\/p>\n<div class=\"flex_column av_three_fifth  av-animated-generic bottom-to-top  flex_column_div av-zero-column-padding   avia-builder-el-16  el_after_av_one_fifth  el_before_av_one_fifth  column-top-margin\" style='border-radius:0px; '><section class=\"av_textblock_section \"  itemscope=\"itemscope\" itemtype=\"https:\/\/schema.org\/CreativeWork\" ><div class='avia_textblock  '   itemprop=\"text\" ><p style=\"text-align: center;\"><em>*\u00a0Maroteknoloji PMI, ITIL ve COBIT standart ve metodolojilerini uygulamaktad\u0131r<br \/>\nve ISAE 3402 sertifikasyonuna sahiptir (International Standard on Assurance Engagements, no: 3402)<\/em><\/p>\n<\/div><\/section><\/div><div class=\"flex_column av_one_fifth  av-animated-generic bottom-to-top  flex_column_div av-zero-column-padding   avia-builder-el-18  el_after_av_three_fifth  avia-builder-el-last  column-top-margin\" style='border-radius:0px; '><\/div><\/p>\n","protected":false},"excerpt":{"rendered":"","protected":false},"author":1,"featured_media":693,"parent":0,"menu_order":8,"comment_status":"closed","ping_status":"closed","template":"","meta":{"footnotes":""},"class_list":["post-1292","page","type-page","status-publish","has-post-thumbnail","hentry"],"_links":{"self":[{"href":"https:\/\/www.maroteknoloji.com\/tr\/wp-json\/wp\/v2\/pages\/1292","targetHints":{"allow":["GET"]}}],"collection":[{"href":"https:\/\/www.maroteknoloji.com\/tr\/wp-json\/wp\/v2\/pages"}],"about":[{"href":"https:\/\/www.maroteknoloji.com\/tr\/wp-json\/wp\/v2\/types\/page"}],"author":[{"embeddable":true,"href":"https:\/\/www.maroteknoloji.com\/tr\/wp-json\/wp\/v2\/users\/1"}],"replies":[{"embeddable":true,"href":"https:\/\/www.maroteknoloji.com\/tr\/wp-json\/wp\/v2\/comments?post=1292"}],"version-history":[{"count":5,"href":"https:\/\/www.maroteknoloji.com\/tr\/wp-json\/wp\/v2\/pages\/1292\/revisions"}],"predecessor-version":[{"id":1972,"href":"https:\/\/www.maroteknoloji.com\/tr\/wp-json\/wp\/v2\/pages\/1292\/revisions\/1972"}],"wp:featuredmedia":[{"embeddable":true,"href":"https:\/\/www.maroteknoloji.com\/tr\/wp-json\/wp\/v2\/media\/693"}],"wp:attachment":[{"href":"https:\/\/www.maroteknoloji.com\/tr\/wp-json\/wp\/v2\/media?parent=1292"}],"curies":[{"name":"wp","href":"https:\/\/api.w.org\/{rel}","templated":true}]}}