{"id":1282,"date":"2015-12-28T15:27:26","date_gmt":"2015-12-28T15:27:26","guid":{"rendered":"http:\/\/www.maroteknoloji.com\/careers-2\/"},"modified":"2016-07-25T09:43:29","modified_gmt":"2016-07-25T09:43:29","slug":"kariyer","status":"publish","type":"page","link":"https:\/\/www.maroteknoloji.com\/tr\/kariyer\/","title":{"rendered":"Kariyer"},"content":{"rendered":"<div id='homeheading'  class='avia-section main_color avia-section-no-padding avia-no-border-styling  avia-full-stretch avia-bg-style-scroll  avia-builder-el-0  el_before_av_heading  avia-builder-el-first   av-minimum-height av-minimum-height-custom  container_wrap sidebar_right' style='background-repeat: no-repeat; background-image: url(https:\/\/www.maroteknoloji.com\/wp-content\/uploads\/2015\/12\/maro-header-serv-product-development-3.jpg);background-attachment: scroll; background-position: center center;  '  data-section-bg-repeat='stretch'><div class='container' style='height:300px'><main  role=\"main\" itemprop=\"mainContentOfPage\"  class='template-page content  av-content-small alpha units'><div class='post-entry post-entry-type-page post-entry-1282'><div class='entry-content-wrapper clearfix'>\n<div  style='height:50px' class='hr hr-invisible   avia-builder-el-1  el_before_av_two_fifth  avia-builder-el-first '><span class='hr-inner ' ><span class='hr-inner-style'><\/span><\/span><\/div>\n<div class=\"flex_column av_two_fifth  flex_column_div first  avia-builder-el-2  el_after_av_hr  avia-builder-el-last  \" style='padding:20px 20px 10px 20px ; background-color:rgba(247,242,232,0.9); border-radius:0px; '><div  style='padding-bottom:10px; color:#000000;' class='av-special-heading av-special-heading-h3 custom-color-heading blockquote modern-quote  avia-builder-el-3  avia-builder-el-no-sibling  '><h3 class='av-special-heading-tag '  itemprop=\"headline\"  >Kariyer<\/h3><div class ='av-subheading av-subheading_below av_custom_color ' style='font-size:14px;'><p>\u015eirketimiz h\u0131zla b\u00fcy\u00fcmekte ve bu nedenle ekibimizi b\u00fcy\u00fctmek istiyoruz. Pozisyonlar\u0131 ve arad\u0131\u011f\u0131m\u0131z nitelikleri a\u015fa\u011f\u0131da bulabilirsiniz. E\u011fer bu pozisyonlardan biriyle ilgileniyorsan\u0131z, l\u00fctfen CV\u2019nizi <strong>info@maroteknoloji.com<\/strong>\u2019a, ihtiyac\u0131 web sitemizde g\u00f6rd\u00fc\u011f\u00fcn\u00fcz\u00fc belirterek g\u00f6nderiniz.<\/p>\n<\/div><div class='special-heading-border'><div class='special-heading-inner-border' style='border-color:#000000'><\/div><\/div><\/div><\/div>\n<\/div><\/div><\/main><!-- close content main element --><\/div><\/div><div id='after_section_1'  class='main_color av_default_container_wrap container_wrap sidebar_right' style=' '  ><div class='container' ><div class='template-page content  av-content-small alpha units'><div class='post-entry post-entry-type-page post-entry-1282'><div class='entry-content-wrapper clearfix'>\n<div  style='padding-bottom:15px; ' class='av-special-heading av-special-heading-h2  blockquote modern-quote modern-centered  avia-builder-el-4  el_after_av_section  el_before_av_hr  avia-builder-el-first  '><h2 class='av-special-heading-tag '  itemprop=\"headline\"  >\u0130\u015f \u0130lanlar\u0131<\/h2><div class='special-heading-border'><div class='special-heading-inner-border' ><\/div><\/div><\/div>\n<div  style=' margin-top:5px; margin-bottom:35px;'  class='hr hr-custom hr-center hr-icon-no   avia-builder-el-5  el_after_av_heading  el_before_av_one_third '><span class='hr-inner  inner-border-av-border-thin' style=' width:150px; border-color:#543018;' ><span class='hr-inner-style'><\/span><\/span><\/div>\n<div class=\"flex_column av_one_third  av-animated-generic bottom-to-top  flex_column_div av-zero-column-padding first  avia-builder-el-6  el_after_av_hr  el_before_av_one_third  \" style='border-radius:0px; '><article  class=\"iconbox iconbox_left    avia-builder-el-7  avia-builder-el-no-sibling  \"  itemscope=\"itemscope\" itemtype=\"https:\/\/schema.org\/CreativeWork\" ><div class=\"iconbox_content\"><header class=\"entry-content-header\"><div class=\"iconbox_icon heading-color\" aria-hidden='true' data-av_icon='\ue8c5' data-av_iconfont='entypo-fontello'  style='background-color:#ffffff; border:1px solid #ffffff; color:#543018; ' ><\/div><h3 class='iconbox_content_title  '  itemprop=\"headline\"   style='color:#543018; '>\u0097\u0130\u015f Analisti<\/h3><\/header><div class='iconbox_content_container av_inherit_color '  itemprop=\"text\"   style='color:#696a6c; '><ul>\n<li style=\"font-size: 14px;\">\u00dcniversitelerin i\u015fletme, matematik, end\u00fcstri veya bilgisayar m\u00fchendisliklerinden mezun,<\/li>\n<li style=\"font-size: 14px;\">Finans sekt\u00f6r\u00fcnde\u00a02 ve \u00fczeri y\u0131l i\u015f analizi tecr\u00fcbesi edinmi\u015f<\/li>\n<li style=\"font-size: 14px;\">Analiz ve sentez yetene\u011fi ile ileti\u015fim becerisi olan<\/li>\n<\/ul>\n<\/div><\/div><footer class=\"entry-footer\"><\/footer><\/article><\/div><div class=\"flex_column av_one_third  av-animated-generic bottom-to-top  flex_column_div av-zero-column-padding   avia-builder-el-8  el_after_av_one_third  el_before_av_one_third  \" style='border-radius:0px; '><article  class=\"iconbox iconbox_left    avia-builder-el-9  avia-builder-el-no-sibling  \"  itemscope=\"itemscope\" itemtype=\"https:\/\/schema.org\/CreativeWork\" ><div class=\"iconbox_content\"><header class=\"entry-content-header\"><div class=\"iconbox_icon heading-color\" aria-hidden='true' data-av_icon='\ue857' data-av_iconfont='entypo-fontello'  style='background-color:#ffffff; border:1px solid #ffffff; color:#543018; ' ><\/div><h3 class='iconbox_content_title  '  itemprop=\"headline\"   style='color:#543018; '>Yaz\u0131l\u0131m Mimar\u0131<\/h3><\/header><div class='iconbox_content_container av_inherit_color '  itemprop=\"text\"   style='color:#696a6c; '><ul>\n<li style=\"font-size: 14px;\">Ingilizce e\u011fitim veren \u00fcniversitelerin bilgisayar veya elektronik m\u00fchendisli\u011fi b\u00f6l\u00fcmlerinden mezun<\/li>\n<li style=\"font-size: 14px;\">En az 2 y\u0131l yaz\u0131l\u0131m tasar\u0131m\u0131 deneyimi<\/li>\n<li style=\"font-size: 14px;\">Servislere Dayal\u0131 mimarilerde (SOA), \u00e7ok katmanl\u0131 ve bile\u015fen tabanl\u0131 \u00e7\u00f6z\u00fcmlerde tecr\u00fcbeli<\/li>\n<\/ul>\n<\/div><\/div><footer class=\"entry-footer\"><\/footer><\/article><\/div><\/p>\n<div class=\"flex_column av_one_third  av-animated-generic bottom-to-top  flex_column_div av-zero-column-padding   avia-builder-el-10  el_after_av_one_third  el_before_av_button  \" style='border-radius:0px; '><article  class=\"iconbox iconbox_left    avia-builder-el-11  avia-builder-el-no-sibling  \"  itemscope=\"itemscope\" itemtype=\"https:\/\/schema.org\/CreativeWork\" ><div class=\"iconbox_content\"><header class=\"entry-content-header\"><div class=\"iconbox_icon heading-color\" aria-hidden='true' data-av_icon='\ue858' data-av_iconfont='entypo-fontello'  style='background-color:#ffffff; border:1px solid #ffffff; color:#543018; ' ><\/div><h3 class='iconbox_content_title  '  itemprop=\"headline\"   style='color:#543018; '>Yaz\u0131l\u0131m M\u00fchendisi<\/h3><\/header><div class='iconbox_content_container av_inherit_color '  itemprop=\"text\"   style='color:#696a6c; '><ul>\n<li style=\"font-size: 14px;\">\u00dcniversitelerin ilgili m\u00fchendislik b\u00f6l\u00fcmlerinden mezun<\/li>\n<li style=\"font-size: 14px;\">C++, java dillerine ve web teknolojilerine hakim<\/li>\n<\/ul>\n<\/div><\/div><footer class=\"entry-footer\"><\/footer><\/article><\/div>\n<div  class='avia-button-wrap avia-button-center  avia-builder-el-12  el_after_av_one_third  el_before_av_section  avia-builder-el-last ' ><a href='mailto:info@maroteknoloji.com?subject=Kariyer'  class='avia-button av-icon-on-hover  avia-icon_select-yes-left-icon avia-size-large avia-position-center '  style='background-color:#543018; border-color:#543018; color:#ffffff; ' ><span class='avia_button_icon avia_button_icon_left ' aria-hidden='true' data-av_icon='\ue8b7' data-av_iconfont='entypo-fontello'><\/span><span class='avia_iconbox_title' >CV G\u00f6nder<\/span><\/a><\/div>\n<\/div><\/div><\/div><!-- close content main div --><\/div><\/div><div id='av_section_2'  class='avia-section main_color avia-section-default avia-no-shadow  avia-bg-style-scroll  avia-builder-el-13  el_after_av_button  avia-builder-el-last   container_wrap sidebar_right' style='background-color: #f4f2ed;  '  ><div class='container' ><div class='template-page content  av-content-small alpha units'><div class='post-entry post-entry-type-page post-entry-1282'><div class='entry-content-wrapper clearfix'>\n<div class=\"flex_column av_one_fifth  av-animated-generic bottom-to-top  flex_column_div av-zero-column-padding first  avia-builder-el-14  el_before_av_three_fifth  avia-builder-el-first  \" style='border-radius:0px; '><\/div><div class=\"flex_column av_three_fifth  av-animated-generic bottom-to-top  flex_column_div av-zero-column-padding   avia-builder-el-15  el_after_av_one_fifth  el_before_av_one_fifth  \" style='border-radius:0px; '><p><div  style='padding-bottom:20px; ' class='av-special-heading av-special-heading-h2  blockquote modern-quote modern-centered  avia-builder-el-16  el_before_av_hr  avia-builder-el-first  '><h2 class='av-special-heading-tag '  itemprop=\"headline\"  >\u00c7al\u0131\u015fma Ortam\u0131m\u0131z<\/h2><div class='special-heading-border'><div class='special-heading-inner-border' ><\/div><\/div><\/div><br \/>\n<div  style='height:10px' class='hr hr-invisible   avia-builder-el-17  el_after_av_heading  avia-builder-el-last '><span class='hr-inner ' ><span class='hr-inner-style'><\/span><\/span><\/div><\/p><\/div><div class=\"flex_column av_one_fifth  av-animated-generic bottom-to-top  flex_column_div av-zero-column-padding   avia-builder-el-18  el_after_av_three_fifth  el_before_av_gallery  \" style='border-radius:0px; '><\/div><div  class='avia-gallery  avia-gallery-1 deactivate_avia_lazyload avia-gallery-animate avia_animate_when_visible  avia-builder-el-19  el_after_av_one_fifth  avia-builder-el-last '  itemprop=\"image\" itemscope=\"itemscope\" itemtype=\"https:\/\/schema.org\/ImageObject\" ><div class='avia-gallery-thumb'> <a href='https:\/\/www.maroteknoloji.com\/wp-content\/uploads\/2015\/12\/Maro-Work-Env-4.jpg' data-rel='gallery-1' data-prev-img='https:\/\/www.maroteknoloji.com\/wp-content\/uploads\/2015\/12\/Maro-Work-Env-4-495x377.jpg' class='first_thumb lightbox ' data-onclick='1' title='Maro-Work-Env-4'  itemprop=\"thumbnailUrl\"  ><img decoding=\"async\" class=\"wp-image-1283 avia-img-lazy-loading-not-1283\"   src=\"https:\/\/www.maroteknoloji.com\/wp-content\/uploads\/2015\/12\/Maro-Work-Env-4-495x377.jpg\" width=\"495\" height=\"377\"  title='Maro-Work-Env-4' alt='' \/><\/a> <a href='https:\/\/www.maroteknoloji.com\/wp-content\/uploads\/2015\/12\/Maro-Work-Env-5.jpg' data-rel='gallery-1' data-prev-img='https:\/\/www.maroteknoloji.com\/wp-content\/uploads\/2015\/12\/Maro-Work-Env-5-495x400.jpg' class='lightbox ' data-onclick='2' title='Maro-Work-Env-5'  itemprop=\"thumbnailUrl\"  ><img decoding=\"async\" class=\"wp-image-1284 avia-img-lazy-loading-not-1284\"   src=\"https:\/\/www.maroteknoloji.com\/wp-content\/uploads\/2015\/12\/Maro-Work-Env-5-495x400.jpg\" width=\"495\" height=\"400\"  title='Maro-Work-Env-5' alt='' \/><\/a> <a href='https:\/\/www.maroteknoloji.com\/wp-content\/uploads\/2015\/12\/Maro-Work-Env-6.jpg' data-rel='gallery-1' data-prev-img='https:\/\/www.maroteknoloji.com\/wp-content\/uploads\/2015\/12\/Maro-Work-Env-6-495x400.jpg' class='lightbox ' data-onclick='3' title='Maro-Work-Env-6'  itemprop=\"thumbnailUrl\"  ><img decoding=\"async\" class=\"wp-image-1285 avia-img-lazy-loading-not-1285\"   src=\"https:\/\/www.maroteknoloji.com\/wp-content\/uploads\/2015\/12\/Maro-Work-Env-6-495x400.jpg\" width=\"495\" height=\"400\"  title='Maro-Work-Env-6' alt='' \/><\/a> <a href='https:\/\/www.maroteknoloji.com\/wp-content\/uploads\/2015\/12\/Maro-Work-Env-1.jpg' data-rel='gallery-1' data-prev-img='https:\/\/www.maroteknoloji.com\/wp-content\/uploads\/2015\/12\/Maro-Work-Env-1-495x377.jpg' class='lightbox ' data-onclick='4' title='Maro-Work-Env-1'  itemprop=\"thumbnailUrl\"  ><img decoding=\"async\" class=\"wp-image-1286 avia-img-lazy-loading-not-1286\"   src=\"https:\/\/www.maroteknoloji.com\/wp-content\/uploads\/2015\/12\/Maro-Work-Env-1-495x377.jpg\" width=\"495\" height=\"377\"  title='Maro-Work-Env-1' alt='' \/><\/a> <a href='https:\/\/www.maroteknoloji.com\/wp-content\/uploads\/2015\/12\/Maro-Work-Env-2.jpg' data-rel='gallery-1' data-prev-img='https:\/\/www.maroteknoloji.com\/wp-content\/uploads\/2015\/12\/Maro-Work-Env-2-495x400.jpg' class='lightbox ' data-onclick='5' title='Maro-Work-Env-2'  itemprop=\"thumbnailUrl\"  ><img decoding=\"async\" class=\"wp-image-1287 avia-img-lazy-loading-not-1287\"   src=\"https:\/\/www.maroteknoloji.com\/wp-content\/uploads\/2015\/12\/Maro-Work-Env-2-495x400.jpg\" width=\"495\" height=\"400\"  title='Maro-Work-Env-2' alt='' \/><\/a> <a href='https:\/\/www.maroteknoloji.com\/wp-content\/uploads\/2015\/12\/Maro-Work-Env-3.jpg' data-rel='gallery-1' data-prev-img='https:\/\/www.maroteknoloji.com\/wp-content\/uploads\/2015\/12\/Maro-Work-Env-3-495x377.jpg' class='lightbox ' data-onclick='6' title='Maro-Work-Env-3'  itemprop=\"thumbnailUrl\"  ><img decoding=\"async\" class=\"wp-image-1288 avia-img-lazy-loading-not-1288\"   src=\"https:\/\/www.maroteknoloji.com\/wp-content\/uploads\/2015\/12\/Maro-Work-Env-3-495x377.jpg\" width=\"495\" height=\"377\"  title='Maro-Work-Env-3' alt='' \/><\/a><\/div><\/div>\n<\/div><\/div><\/div><!-- close content main div --><\/div><\/div><div id='after_section_2'  class='main_color av_default_container_wrap container_wrap sidebar_right' style=' '  ><div class='container' ><div class='template-page content  av-content-small alpha units'><div class='post-entry post-entry-type-page post-entry-1282'><div class='entry-content-wrapper clearfix'>\n","protected":false},"excerpt":{"rendered":"","protected":false},"author":1,"featured_media":0,"parent":0,"menu_order":24,"comment_status":"closed","ping_status":"closed","template":"","meta":{"footnotes":""},"class_list":["post-1282","page","type-page","status-publish","hentry"],"_links":{"self":[{"href":"https:\/\/www.maroteknoloji.com\/tr\/wp-json\/wp\/v2\/pages\/1282","targetHints":{"allow":["GET"]}}],"collection":[{"href":"https:\/\/www.maroteknoloji.com\/tr\/wp-json\/wp\/v2\/pages"}],"about":[{"href":"https:\/\/www.maroteknoloji.com\/tr\/wp-json\/wp\/v2\/types\/page"}],"author":[{"embeddable":true,"href":"https:\/\/www.maroteknoloji.com\/tr\/wp-json\/wp\/v2\/users\/1"}],"replies":[{"embeddable":true,"href":"https:\/\/www.maroteknoloji.com\/tr\/wp-json\/wp\/v2\/comments?post=1282"}],"version-history":[{"count":8,"href":"https:\/\/www.maroteknoloji.com\/tr\/wp-json\/wp\/v2\/pages\/1282\/revisions"}],"predecessor-version":[{"id":1958,"href":"https:\/\/www.maroteknoloji.com\/tr\/wp-json\/wp\/v2\/pages\/1282\/revisions\/1958"}],"wp:attachment":[{"href":"https:\/\/www.maroteknoloji.com\/tr\/wp-json\/wp\/v2\/media?parent=1282"}],"curies":[{"name":"wp","href":"https:\/\/api.w.org\/{rel}","templated":true}]}}