{"id":1277,"date":"2015-10-15T15:32:40","date_gmt":"2015-10-15T15:32:40","guid":{"rendered":"http:\/\/www.maroteknoloji.com\/contact-2\/"},"modified":"2024-10-23T08:25:10","modified_gmt":"2024-10-23T08:25:10","slug":"iletisim","status":"publish","type":"page","link":"https:\/\/www.maroteknoloji.com\/tr\/iletisim\/","title":{"rendered":"\u0130leti\u015fim"},"content":{"rendered":"<div class=\"flex_column av_three_fifth  av-animated-generic bottom-to-top  flex_column_div av-zero-column-padding first  avia-builder-el-0  el_before_av_two_fifth  avia-builder-el-first  \" style='border-radius:0px; '><p><div  style='padding-bottom:0px; ' class='av-special-heading av-special-heading-h2  blockquote modern-quote  avia-builder-el-1  el_before_av_hr  avia-builder-el-first  '><h2 class='av-special-heading-tag '  itemprop=\"headline\"  >MAROTEKNOLOJ\u0130<\/h2><div class='special-heading-border'><div class='special-heading-inner-border' ><\/div><\/div><\/div><br \/>\n<div  style=' margin-top:15px; margin-bottom:25px;'  class='hr hr-custom hr-left hr-icon-no   avia-builder-el-2  el_after_av_heading  el_before_av_textblock '><span class='hr-inner  inner-border-av-border-thin' style=' width:150px; border-color:#543018;' ><span class='hr-inner-style'><\/span><\/span><\/div><br \/>\n<section class=\"av_textblock_section \"  itemscope=\"itemscope\" itemtype=\"https:\/\/schema.org\/CreativeWork\" ><div class='avia_textblock  '   itemprop=\"text\" ><p>Maro Uluslararas\u0131 Bilgi Teknolojileri Dan\u0131\u015fmanl\u0131k, Geli\u015ftirme,<br \/>\nDestek Hizmetleri Sanayi ve Ticaret Anonim \u015eirketi<br \/>\n<strong>Besiktas VD:<\/strong> 6120725270<br \/>\n<strong>Ticaret Sicil:<\/strong> 755757<\/p>\n<p>Merkez Ofis<strong><br \/>\nAdres: <\/strong>Adnan Saygun Cad. Da\u011f Ap. 54\/2 Ulus Be\u015fikta\u015f \u0130stanbul 34340<\/p>\n<p>Bo\u011fazi\u00e7i \u00dcniversitesi Teknopark \u015eube<br \/>\n<strong>Adres: <\/strong>Bebek Yolu sok. No:2\/5\u00a0 #306\u00a0 Rumelihisar\u0131 Sar\u0131yer \u0130stanbul 34470<\/p>\n<p>Bo\u011fazi\u00e7i \u00dcniversitesi Kandilli Rasathane Teknopark \u015eube<br \/>\n<strong>Adres: <\/strong>Rasathane Cad. Kandilli Rasathanesi Deprem Ara\u015ft\u0131rma Enstit\u00fcs\u00fc No:104\/13 Oda:19 Kandilli \u00dcsk\u00fcdar \u0130stanbul<\/p>\n<p><strong>Telefon:<\/strong> +90 (212) 287 04 10<br \/>\n<strong>Faks:<\/strong> +90 (212) 287 04 01<br \/>\n<strong>E-mail:<\/strong> info@maroteknoloji.com<\/p>\n<\/div><\/section><\/p><\/div>\n<div class=\"flex_column av_two_fifth  av-animated-generic bottom-to-top  flex_column_div av-zero-column-padding   avia-builder-el-4  el_after_av_three_fifth  avia-builder-el-last  \" style='border-radius:0px; '><p><div  style='padding-bottom:0px; ' class='av-special-heading av-special-heading-h2  blockquote modern-quote  avia-builder-el-5  el_before_av_hr  avia-builder-el-first  '><h2 class='av-special-heading-tag '  itemprop=\"headline\"  >Contact Us<\/h2><div class='special-heading-border'><div class='special-heading-inner-border' ><\/div><\/div><\/div><br \/>\n<div  style=' margin-top:15px; margin-bottom:15px;'  class='hr hr-custom hr-left hr-icon-no   avia-builder-el-6  el_after_av_heading  el_before_av_contact '><span class='hr-inner  inner-border-av-border-thin' style=' width:150px; border-color:#543018;' ><span class='hr-inner-style'><\/span><\/span><\/div><br \/>\n<form action=\"https:\/\/www.maroteknoloji.com\/tr\/iletisim\/\" method=\"post\"  class=\"avia_ajax_form av-form-labels-visible   avia-builder-el-7  el_after_av_hr  avia-builder-el-last   \" data-avia-form-id=\"1\" data-avia-redirect='' ><fieldset><p class='  first_form  form_element form_element_half' id='element_avia_1_1'><label for=\"avia_1_1\">Name <abbr class=\"required\" title=\"required\">*<\/abbr><\/label> <input name=\"avia_1_1\" class=\"text_input is_empty\" type=\"text\" id=\"avia_1_1\" value=\"\" \/><\/p><p class='  form_element form_element_half' id='element_avia_2_1'><label for=\"avia_2_1\">E-Mail <abbr class=\"required\" title=\"required\">*<\/abbr><\/label> <input name=\"avia_2_1\" class=\"text_input is_email\" type=\"text\" id=\"avia_2_1\" value=\"\" \/><\/p><p class='  first_form  form_element form_fullwidth av-last-visible-form-element' id='element_avia_3_1'><label for=\"avia_3_1\" class=\"textare_label hidden textare_label_avia_3_1\">Message <abbr class=\"required\" title=\"required\">*<\/abbr><\/label><textarea  name=\"avia_3_1\" class=\"text_area is_empty\" cols=\"40\" rows=\"7\" id=\"avia_3_1\" ><\/textarea><\/p><p class=\"hidden\"><input type=\"text\" name=\"avia_4_1\" class=\"hidden \" id=\"avia_4_1\" value=\"\" \/><\/p><p class=\"form_element \"><input type=\"hidden\" value=\"1\" name=\"avia_generated_form1\" \/><input type=\"submit\" value=\"Get in touch\" class=\"button\"  data-sending-label=\"Sending\"\/><\/p><\/fieldset><\/form><div id=\"ajaxresponse_1\" class=\"ajaxresponse ajaxresponse_1 hidden\"><\/div><\/p><\/div>\n","protected":false},"excerpt":{"rendered":"","protected":false},"author":1,"featured_media":0,"parent":0,"menu_order":23,"comment_status":"closed","ping_status":"closed","template":"","meta":{"footnotes":""},"class_list":["post-1277","page","type-page","status-publish","hentry"],"_links":{"self":[{"href":"https:\/\/www.maroteknoloji.com\/tr\/wp-json\/wp\/v2\/pages\/1277","targetHints":{"allow":["GET"]}}],"collection":[{"href":"https:\/\/www.maroteknoloji.com\/tr\/wp-json\/wp\/v2\/pages"}],"about":[{"href":"https:\/\/www.maroteknoloji.com\/tr\/wp-json\/wp\/v2\/types\/page"}],"author":[{"embeddable":true,"href":"https:\/\/www.maroteknoloji.com\/tr\/wp-json\/wp\/v2\/users\/1"}],"replies":[{"embeddable":true,"href":"https:\/\/www.maroteknoloji.com\/tr\/wp-json\/wp\/v2\/comments?post=1277"}],"version-history":[{"count":10,"href":"https:\/\/www.maroteknoloji.com\/tr\/wp-json\/wp\/v2\/pages\/1277\/revisions"}],"predecessor-version":[{"id":5306,"href":"https:\/\/www.maroteknoloji.com\/tr\/wp-json\/wp\/v2\/pages\/1277\/revisions\/5306"}],"wp:attachment":[{"href":"https:\/\/www.maroteknoloji.com\/tr\/wp-json\/wp\/v2\/media?parent=1277"}],"curies":[{"name":"wp","href":"https:\/\/api.w.org\/{rel}","templated":true}]}}