{"id":1207,"date":"2015-10-21T12:34:01","date_gmt":"2015-10-21T12:34:01","guid":{"rendered":"http:\/\/www.maroteknoloji.com\/company-2\/"},"modified":"2020-12-22T12:12:02","modified_gmt":"2020-12-22T12:12:02","slug":"maro","status":"publish","type":"page","link":"https:\/\/www.maroteknoloji.com\/tr\/maro\/","title":{"rendered":"Maro"},"content":{"rendered":"<div id='companyheading'  class='avia-section main_color avia-section-no-padding avia-no-border-styling  avia-full-stretch avia-bg-style-scroll  avia-builder-el-0  el_before_av_section  avia-builder-el-first   av-minimum-height av-minimum-height-custom  container_wrap sidebar_right' style='background-repeat: no-repeat; background-image: url(https:\/\/www.maroteknoloji.com\/wp-content\/uploads\/2015\/10\/company.jpg);background-attachment: scroll; background-position: center center;  '  data-section-bg-repeat='stretch'><div class='container' style='height:300px'><main  role=\"main\" itemprop=\"mainContentOfPage\"  class='template-page content  av-content-small alpha units'><div class='post-entry post-entry-type-page post-entry-1207'><div class='entry-content-wrapper clearfix'>\n<div  style='height:50px' class='hr hr-invisible   avia-builder-el-1  el_before_av_three_fifth  avia-builder-el-first '><span class='hr-inner ' ><span class='hr-inner-style'><\/span><\/span><\/div>\n<div class=\"flex_column av_three_fifth  flex_column_div first  avia-builder-el-2  el_after_av_hr  el_before_av_two_fifth  \" style='padding:20px 20px 10px 20px ; border-radius:0px; '><\/div><div class=\"flex_column av_two_fifth  flex_column_div   avia-builder-el-3  el_after_av_three_fifth  avia-builder-el-last  \" style='padding:20px 20px 20px 20px ; background-color:rgba(247,242,232,0.9); border-radius:0px; '><section class=\"av_textblock_section \"  itemscope=\"itemscope\" itemtype=\"https:\/\/schema.org\/CreativeWork\" ><div class='avia_textblock  '  style='font-size:15px; '  itemprop=\"text\" ><p style=\"text-align: center;\">&#8220;2010 y\u0131l\u0131nda kurulu\u015fumuzdan itibaren, g\u00fcvenlik, kusursuz i\u015fleyi\u015f ve y\u00fcksek hizmet kalitesinin en \u00f6nemli unsurlar oldu\u011fu bir d\u00fcnyada, Maroteknoloji \u015firketlerin arad\u0131\u011f\u0131 deneyim, kalite ve prestijin kendisidir.&#8221;<\/p>\n<h3 style=\"text-align: center; font-size: 16px; margin-top: -5px; font-weight: normal;\">Lale Maro, Y\u00f6netici\u00a0Ortak<\/h3>\n<\/div><\/section><\/div>\n\n<\/div><\/div><\/main><!-- close content main element --><\/div><\/div><div id='av_section_2'  class='avia-section main_color avia-section-default avia-no-border-styling  avia-bg-style-scroll  avia-builder-el-5  el_after_av_section  el_before_av_section   container_wrap sidebar_right' style='background-color: #ffffff;  '  ><div class='container' ><div class='template-page content  av-content-small alpha units'><div class='post-entry post-entry-type-page post-entry-1207'><div class='entry-content-wrapper clearfix'>\n<div  style='padding-bottom:10px; color:#543018;' class='av-special-heading av-special-heading-h2 custom-color-heading blockquote modern-quote modern-centered  avia-builder-el-6  el_before_av_one_fourth  avia-builder-el-first  '><h2 class='av-special-heading-tag '  itemprop=\"headline\"  >Hikayemiz<\/h2><div class='special-heading-border'><div class='special-heading-inner-border' style='border-color:#543018'><\/div><\/div><\/div>\n<div class=\"flex_column av_one_fourth  flex_column_div av-zero-column-padding first  avia-builder-el-7  el_after_av_heading  el_before_av_one_half  \" style='margin-top:0px; margin-bottom:0px; border-radius:0px; '><\/div><div class=\"flex_column av_one_half  flex_column_div av-zero-column-padding   avia-builder-el-8  el_after_av_one_fourth  el_before_av_one_fourth  \" style='margin-top:0px; margin-bottom:0px; border-radius:0px; '><section class=\"av_textblock_section \"  itemscope=\"itemscope\" itemtype=\"https:\/\/schema.org\/CreativeWork\" ><div class='avia_textblock  av_inherit_color '  style='color:#696a6c; '  itemprop=\"text\" ><p style=\"text-align: justify;\">Aral\u0131k 2010\u2019da \u00a0Lale Maro taraf\u0131ndan kurulan Maroteknoloji, Bankac\u0131l\u0131k Teknolojileri, BT y\u00f6neti\u015fim, strateji olu\u015fturma ve uygulama, i\u015f analizi, sistem mimarisi ve yaz\u0131l\u0131m geli\u015ftirme alanlar\u0131nda uzmanla\u015fm\u0131\u015ft\u0131r..\u00a0 \u0130stanbul merkezli olan \u015firkette yakla\u015f\u0131k 75 ki\u015fi \u00e7al\u0131\u015fmaktad\u0131r.<\/p>\n<\/div><\/section><br \/>\n<div  style=' margin-top:15px; margin-bottom:25px;'  class='hr hr-custom hr-center hr-icon-no   avia-builder-el-10  el_after_av_textblock  el_before_av_heading '><span class='hr-inner  inner-border-av-border-thin' style=' width:150px; border-color:#543018;' ><span class='hr-inner-style'><\/span><\/span><\/div><br \/>\n<div  style='padding-bottom:15px; ' class='av-special-heading av-special-heading-h2  blockquote modern-quote modern-centered  avia-builder-el-11  el_after_av_hr  avia-builder-el-last  '><h2 class='av-special-heading-tag '  itemprop=\"headline\"  >Ana Uzmanl\u0131k Alanlar\u0131m\u0131z<\/h2><div class='special-heading-border'><div class='special-heading-inner-border' ><\/div><\/div><\/div><\/p><\/div><div class=\"flex_column av_one_fourth  flex_column_div av-zero-column-padding   avia-builder-el-12  el_after_av_one_half  el_before_av_one_half  \" style='margin-top:0px; margin-bottom:0px; border-radius:0px; '><\/div><div class=\"flex_column av_one_half  av-animated-generic bottom-to-top  flex_column_div av-zero-column-padding first  avia-builder-el-13  el_after_av_one_fourth  el_before_av_one_half  column-top-margin\" style='border-radius:0px; '><div  class='avia-icon-list-container   avia-builder-el-14  avia-builder-el-no-sibling '><ul class='avia-icon-list avia-icon-list-left av-iconlist-big avia_animate_when_almost_visible avia-iconlist-animate'>\n<li><div  style='background-color:#ffffff; border:1px solid #ffffff; color:#696a6c; ' class='iconlist_icon  avia-font-entypo-fontello'><span class='iconlist-char ' aria-hidden='true' data-av_icon='\ue864' data-av_iconfont='entypo-fontello'><\/span><\/div><article class=\"article-icon-entry \"  itemscope=\"itemscope\" itemtype=\"https:\/\/schema.org\/CreativeWork\" ><div class='iconlist_content_wrap'><header class=\"entry-content-header\"><h4 class='av_iconlist_title iconlist_title  av_inherit_color '  itemprop=\"headline\"   style='color:#696a6c; '>IT STRATEJ\u0130S\u0130<\/h4><\/header><div class='iconlist_content av_inherit_color '  itemprop=\"text\"   style='color:#999b9e; '><p>\u015eirketlerin IT Y\u00f6neti\u015fim, Organizasyon, Tasar\u0131m ve Hizmetlerinin De\u011ferlendirilmesi, Business Alignment, Stratejik Planlama, ve Kurumsal IT Mimarileri<\/p>\n<\/div><\/div><footer class=\"entry-footer\"><\/footer><\/article><div class='iconlist-timeline'><\/div><\/li>\n<li><div  style='background-color:#ffffff; border:1px solid #ffffff; color:#696a6c; ' class='iconlist_icon  avia-font-entypo-fontello'><span class='iconlist-char ' aria-hidden='true' data-av_icon='\ue84f' data-av_iconfont='entypo-fontello'><\/span><\/div><article class=\"article-icon-entry \"  itemscope=\"itemscope\" itemtype=\"https:\/\/schema.org\/CreativeWork\" ><div class='iconlist_content_wrap'><header class=\"entry-content-header\"><h4 class='av_iconlist_title iconlist_title  av_inherit_color '  itemprop=\"headline\"   style='color:#696a6c; '>DANI\u015eMANLIK H\u0130ZMETLER\u0130<\/h4><\/header><div class='iconlist_content av_inherit_color '  itemprop=\"text\"   style='color:#999b9e; '><p>\u0130\u015f Analizi, Test ve Proje Y\u00f6netimi Hizmetleri<\/p>\n<\/div><\/div><footer class=\"entry-footer\"><\/footer><\/article><div class='iconlist-timeline'><\/div><\/li>\n<\/ul><\/div><\/div><div class=\"flex_column av_one_half  av-animated-generic bottom-to-top  flex_column_div av-zero-column-padding   avia-builder-el-15  el_after_av_one_half  avia-builder-el-last  column-top-margin\" style='border-radius:0px; '><div  class='avia-icon-list-container   avia-builder-el-16  avia-builder-el-no-sibling '><ul class='avia-icon-list avia-icon-list-left av-iconlist-big avia_animate_when_almost_visible avia-iconlist-animate'>\n<li><div  style='background-color:#ffffff; border:1px solid #ffffff; color:#696a6c; ' class='iconlist_icon  avia-font-entypo-fontello'><span class='iconlist-char ' aria-hidden='true' data-av_icon='\ue8cf' data-av_iconfont='entypo-fontello'><\/span><\/div><article class=\"article-icon-entry \"  itemscope=\"itemscope\" itemtype=\"https:\/\/schema.org\/CreativeWork\" ><div class='iconlist_content_wrap'><header class=\"entry-content-header\"><h4 class='av_iconlist_title iconlist_title  av_inherit_color '  itemprop=\"headline\"   style='color:#696a6c; '>BANKACILIK TEKNOLOJ\u0130LER\u0130<\/h4><\/header><div class='iconlist_content av_inherit_color '  itemprop=\"text\"   style='color:#999b9e; '><p>Hazine ve Krediler alanlar\u0131nda uzmanl\u0131k<\/p>\n<\/div><\/div><footer class=\"entry-footer\"><\/footer><\/article><div class='iconlist-timeline'><\/div><\/li>\n<li><div  style='background-color:#ffffff; border:1px solid #ffffff; color:#696a6c; ' class='iconlist_icon  avia-font-entypo-fontello'><span class='iconlist-char ' aria-hidden='true' data-av_icon='\ue8ab' data-av_iconfont='entypo-fontello'><\/span><\/div><article class=\"article-icon-entry \"  itemscope=\"itemscope\" itemtype=\"https:\/\/schema.org\/CreativeWork\" ><div class='iconlist_content_wrap'><header class=\"entry-content-header\"><h4 class='av_iconlist_title iconlist_title  av_inherit_color '  itemprop=\"headline\"   style='color:#696a6c; '>YAZILIM TASARIMI<\/h4><\/header><div class='iconlist_content av_inherit_color '  itemprop=\"text\"   style='color:#999b9e; '><p>Ki\u015fiye \u00f6zel, farkl\u0131 ihtiya\u00e7lara cevap verebilecek esnek \u00e7\u00f6z\u00fcm geli\u015ftirme<\/p>\n<\/div><\/div><footer class=\"entry-footer\"><\/footer><\/article><div class='iconlist-timeline'><\/div><\/li>\n<\/ul><\/div><\/div><\/div><\/div><\/div><!-- close content main div --><\/div><\/div><div id='av_section_3'  class='avia-section main_color avia-section-default avia-no-border-styling  avia-bg-style-scroll  avia-builder-el-17  el_after_av_section  el_before_av_section   container_wrap sidebar_right' style='background-color: #f4f2ed;  '  ><div class='container' ><div class='template-page content  av-content-small alpha units'><div class='post-entry post-entry-type-page post-entry-1207'><div class='entry-content-wrapper clearfix'>\n<div class=\"flex_column av_one_full  flex_column_div av-zero-column-padding first  avia-builder-el-18  el_before_av_one_half  avia-builder-el-first  \" style='border-radius:0px; '><div  style='padding-bottom:15px; color:#543018;' class='av-special-heading av-special-heading-h2 custom-color-heading blockquote modern-quote modern-centered  avia-builder-el-19  avia-builder-el-no-sibling  '><h2 class='av-special-heading-tag '  itemprop=\"headline\"  >Kurucu Ortaklar<\/h2><div class='special-heading-border'><div class='special-heading-inner-border' style='border-color:#543018'><\/div><\/div><\/div><\/div><div class=\"flex_column av_one_half  av-animated-generic bottom-to-top  flex_column_div av-zero-column-padding first  avia-builder-el-20  el_after_av_one_full  el_before_av_one_half  column-top-margin\" style='border-radius:0px; '><section  class='avia-team-member   avia-builder-el-21  avia-builder-el-no-sibling '  itemscope=\"itemscope\" itemtype=\"https:\/\/schema.org\/Person\" ><div class='team-img-container'><img decoding=\"async\" width=\"495\" height=\"400\" class='wp-image-2413 avia-img-lazy-loading-not-2413 avia_image avia_image_team' src=\"http:\/\/www.maroteknoloji.com\/wp-content\/uploads\/2015\/12\/Lale-Maro-495x400.jpg\" alt='Lale Maro'  itemprop=\"image\" srcset=\"https:\/\/www.maroteknoloji.com\/wp-content\/uploads\/2015\/12\/Lale-Maro-495x400.jpg 495w, https:\/\/www.maroteknoloji.com\/wp-content\/uploads\/2015\/12\/Lale-Maro-845x684.jpg 845w\" sizes=\"(max-width: 495px) 100vw, 495px\" \/><div class='team-social'><div class='team-social-inner'><span class='hidden av_member_url_markup  linkedin'  itemprop=\"url\" >https:\/\/www.linkedin.com\/in\/lale-maro-4b64758<\/span><a rel=\"v:url noopener\" data-avia-tooltip=\"LinkedIn\" target='_blank' class=' linkedin avia-team-icon ' href='https:\/\/www.linkedin.com\/in\/lale-maro-4b64758' aria-hidden='true' data-av_icon='\ue8fc' data-av_iconfont='entypo-fontello'><\/a><\/div><\/div><\/div><h3 class='team-member-name'    itemprop=\"name\" >Lale Maro<\/h3><div class='team-member-job-title '   itemprop=\"jobTitle\" >Y\u00f6netici Ortak<\/div><div class='team-member-description '  itemprop=\"description\"  ><p>TED Ankara Koleji mezunu olan Maro\u2019nun, Orta Do\u011fu Teknik \u00dcniversitesi\u2019nden lisans, University of Toronto\u2019dan y\u00fcksek lisans dereceleri vard\u0131r. 1981-86 y\u0131llar\u0131 aras\u0131nda Infomart\/Kanada\u2019da yaz\u0131l\u0131m m\u00fchendisi olarak \u00e7al\u0131\u015ft\u0131. Daha sonra Yap\u0131 Kredi Bankas\u0131\u2019n\u0131n Bilgi \u0130\u015flem \u015firketinde sistem m\u00fchendisi olarak 2,5 y\u0131l, Akbank\u2019\u0131n Bilgi \u0130\u015flem \u015firketinin Teknik Destek ve Stratejik Ara\u015ft\u0131rma, Planlama B\u00f6l\u00fcmlerinde y\u00f6netici olarak 11 y\u0131l g\u00f6rev ald\u0131. 1999-2010 y\u0131llar\u0131 aras\u0131nda Bilgi Teknolojileri\u2019nden sorumlu Genel M\u00fcd\u00fcr Yard\u0131mc\u0131s\u0131 olarak Finansbank\u2019ta \u00e7al\u0131\u015farak Banka ile yurti\u00e7i ve yurtd\u0131\u015f\u0131 i\u015ftiraklerinin teknolojisinin ve s\u00fcre\u00e7lerinin yeniden yap\u0131land\u0131r\u0131lmas\u0131n\u0131, IBTECH teknoloji \u015firketinin kurulu\u015f ve ileri teknoloji \u00fcr\u00fcnleriyle hizmetlerini planlad\u0131 ve y\u00fcr\u00fctt\u00fc. Aral\u0131k 2010\u2032da Maroteknoloji\u2019yi kurarak, Y\u00f6netici Ortak\/Dan\u0131\u015fman olarak g\u00f6rev yapmaya ba\u015flad\u0131.<\/p>\n<\/div><span class='hidden team-member-affiliation'  itemprop=\"affiliation\" >Maroteknoloji<\/span><\/section><\/div><div class=\"flex_column av_one_half  av-animated-generic bottom-to-top  flex_column_div av-zero-column-padding   avia-builder-el-22  el_after_av_one_half  avia-builder-el-last  column-top-margin\" style='border-radius:0px; '><section  class='avia-team-member   avia-builder-el-23  avia-builder-el-no-sibling '  itemscope=\"itemscope\" itemtype=\"https:\/\/schema.org\/Person\" ><div class='team-img-container'><img decoding=\"async\" width=\"495\" height=\"400\" class='wp-image-1216 avia-img-lazy-loading-not-1216 avia_image avia_image_team' src=\"http:\/\/www.maroteknoloji.com\/wp-content\/uploads\/2015\/10\/selin-akatli-495x400.jpg\" alt='Selin Akatl\u0131 Kaya'  itemprop=\"image\"  \/><div class='team-social'><div class='team-social-inner'><span class='hidden av_member_url_markup  linkedin'  itemprop=\"url\" >https:\/\/www.linkedin.com\/in\/selin-akatli-a167315<\/span><a rel=\"v:url noopener\" data-avia-tooltip=\"LinkedIn\" target='_blank' class=' linkedin avia-team-icon ' href='https:\/\/www.linkedin.com\/in\/selin-akatli-a167315' aria-hidden='true' data-av_icon='\ue8fc' data-av_iconfont='entypo-fontello'><\/a><\/div><\/div><\/div><h3 class='team-member-name'    itemprop=\"name\" >Selin Akatl\u0131 Kaya<\/h3><div class='team-member-job-title '   itemprop=\"jobTitle\" >Dan\u0131\u015fman Ortak<\/div><div class='team-member-description '  itemprop=\"description\"  ><p>Istanbul Robert Koleji mezunu olan Akatl\u0131\u2019n\u0131n, Northwestern Universitesinden Matematik ve Psikoloji lisans, Columbia Universtesi\u2019nden MBA dereceleri vard\u0131r. J.P. Morgan Chase, New York\u2019ta 3,5 y\u0131l yat\u0131r\u0131m bankac\u0131l\u0131\u011f\u0131 analisti olarak \u00e7al\u0131\u015fan Akatl\u0131, Maroteknoloji\u2019nin kurucu orta\u011f\u0131d\u0131r. \u015eirketin Finans, Stratejik Planlama ve \u0130dari \u0130\u015flerini y\u00f6netmektedir.<\/p>\n<\/div><span class='hidden team-member-affiliation'  itemprop=\"affiliation\" >Maroteknoloji<\/span><\/section><\/div>\n<\/p>\n<\/div><\/div><\/div><!-- close content main div --><\/div><\/div><div id='av_section_4'  class='avia-section main_color avia-section-default avia-no-shadow  avia-bg-style-scroll  avia-builder-el-24  el_after_av_section  el_before_av_section   container_wrap sidebar_right' style='background-color: #ffffff;  '  ><div class='container' ><div class='template-page content  av-content-small alpha units'><div class='post-entry post-entry-type-page post-entry-1207'><div class='entry-content-wrapper clearfix'>\n<div class=\"flex_column av_one_full  av-animated-generic bottom-to-top  flex_column_div av-zero-column-padding first  avia-builder-el-25  el_before_av_one_half  avia-builder-el-first  \" style='border-radius:0px; '><div  style='padding-bottom:10px; ' class='av-special-heading av-special-heading-h2  blockquote modern-quote modern-centered  avia-builder-el-26  avia-builder-el-no-sibling  '><h2 class='av-special-heading-tag '  itemprop=\"headline\"  >\u015eirket De\u011ferlerimiz<\/h2><div class='special-heading-border'><div class='special-heading-inner-border' ><\/div><\/div><\/div><\/div><div class=\"flex_column av_one_half  av-animated-generic bottom-to-top  flex_column_div av-zero-column-padding first  avia-builder-el-27  el_after_av_one_full  el_before_av_one_half  column-top-margin\" style='margin-top:0px; margin-bottom:0px; border-radius:0px; '><section class=\"av_textblock_section \"  itemscope=\"itemscope\" itemtype=\"https:\/\/schema.org\/CreativeWork\" ><div class='avia_textblock  '   itemprop=\"text\" ><p style=\"text-align: justify;\">Bir teknoloji \u015firketinin varl\u0131\u011f\u0131n\u0131 s\u00fcrd\u00fcrebilmesi ve ba\u015far\u0131l\u0131 projeler ger\u00e7ekle\u015ftirebilmesi i\u00e7in, iyi yeti\u015fmi\u015f, nitelikli insan kaynaklar\u0131n\u0131n en \u00f6nemli unsur oldu\u011funun bilincindeyiz. Gerek insan kaynaklar\u0131m\u0131zda, gerekse metodolojilerimizde kalite ve etik de\u011ferleri herzaman \u00f6n planda tutuyoruz. Eleman terchimizde ise, konusunun uzman\u0131, m\u00fc\u015fteri ileti\u015fimi g\u00fc\u00e7l\u00fc, i\u015f ve sonu\u00e7 odakl\u0131 ki\u015filere yer veriyoruz.<\/p>\n<\/div><\/section><\/div><div class=\"flex_column av_one_half  av-animated-generic bottom-to-top  flex_column_div av-zero-column-padding   avia-builder-el-29  el_after_av_one_half  avia-builder-el-last  column-top-margin\" style='margin-top:0px; margin-bottom:0px; border-radius:0px; '><section class=\"av_textblock_section \"  itemscope=\"itemscope\" itemtype=\"https:\/\/schema.org\/CreativeWork\" ><div class='avia_textblock  '   itemprop=\"text\" ><p style=\"text-align: justify;\">Yetkin ekip elemanlar\u0131m\u0131z, s\u00fcrekli kendilerini geli\u015ftirir ve yapt\u0131klar\u0131 her i\u015fe ilave de\u011ferler katmak i\u00e7in \u00e7al\u0131\u015f\u0131rlar. \u015eirketimiz, \u00e7al\u0131\u015fanlar\u0131na modern bir \u00e7al\u0131\u015fma ortam\u0131 ve a\u00e7\u0131k, adil, s\u00fcrekli geli\u015fmeye olanak sa\u011flayan bir y\u00f6netim tarz\u0131 sa\u011flamaktad\u0131r.<\/p>\n<\/div><\/section><\/div>\n\n<\/div><\/div><\/div><!-- close content main div --><\/div><\/div><div id='av_section_5'  class='avia-section main_color avia-section-default avia-no-shadow  avia-bg-style-scroll  avia-builder-el-31  el_after_av_section  avia-builder-el-last   container_wrap sidebar_right' style='background-color: #ffffff;  '  ><div class='container' ><div class='template-page content  av-content-small alpha units'><div class='post-entry post-entry-type-page post-entry-1207'><div class='entry-content-wrapper clearfix'>\n<div class=\"flex_column av_one_full  flex_column_div av-zero-column-padding first  avia-builder-el-32  el_before_av_one_third  avia-builder-el-first  \" style='border-radius:0px; '><div  style='padding-bottom:15px; color:#543018;' class='av-special-heading av-special-heading-h2 custom-color-heading blockquote modern-quote modern-centered  avia-builder-el-33  avia-builder-el-no-sibling  '><h2 class='av-special-heading-tag '  itemprop=\"headline\"  >\u00d6d\u00fcller <span class='special_amp'>&amp;<\/span> Ba\u015far\u0131lar<\/h2><div class='special-heading-border'><div class='special-heading-inner-border' style='border-color:#543018'><\/div><\/div><\/div><\/div><div class=\"flex_column av_one_third  flex_column_div av-zero-column-padding first  avia-builder-el-34  el_after_av_one_full  el_before_av_one_third  column-top-margin\" style='border-radius:0px; '><p><div  class='avia-image-container avia_animated_image avia_animate_when_almost_visible fade-in av-styling-    avia-builder-el-35  el_before_av_textblock  avia-builder-el-first  avia-align-center '  itemprop=\"image\" itemscope=\"itemscope\" itemtype=\"https:\/\/schema.org\/ImageObject\"  ><div class='avia-image-container-inner'><div class='avia-image-overlay-wrap'><img decoding=\"async\" class='wp-image-1211 avia-img-lazy-loading-not-1211 avia_image' src=\"https:\/\/www.maroteknoloji.com\/wp-content\/uploads\/2015\/10\/Bilisim500.jpg\" alt='' title='Bilisim 500' height=\"158\" width=\"316\"  itemprop=\"thumbnailUrl\" srcset=\"https:\/\/www.maroteknoloji.com\/wp-content\/uploads\/2015\/10\/Bilisim500.jpg 316w, https:\/\/www.maroteknoloji.com\/wp-content\/uploads\/2015\/10\/Bilisim500-300x150.jpg 300w\" sizes=\"(max-width: 316px) 100vw, 316px\" \/><\/div><\/div><\/div><br \/>\n<section class=\"av_textblock_section \"  itemscope=\"itemscope\" itemtype=\"https:\/\/schema.org\/CreativeWork\" ><div class='avia_textblock  av_inherit_color '  style='color:#543018; '  itemprop=\"text\" ><p>Maroteknoloji, Interpromedya taraf\u0131ndan belirlenen \u201cBili\u015fim 500\u201d s\u0131ralamas\u0131nda tekrar\u00a0328. s\u0131radan yerini ald\u0131.<\/p>\n<\/div><\/section><\/p><\/div><div class=\"flex_column av_one_third  flex_column_div av-zero-column-padding   avia-builder-el-37  el_after_av_one_third  el_before_av_one_third  column-top-margin\" style='border-radius:0px; '><p><div  class='avia-image-container avia_animated_image avia_animate_when_almost_visible fade-in av-styling-    avia-builder-el-38  el_before_av_textblock  avia-builder-el-first  avia-align-center '  itemprop=\"image\" itemscope=\"itemscope\" itemtype=\"https:\/\/schema.org\/ImageObject\"  ><div class='avia-image-container-inner'><div class='avia-image-overlay-wrap'><img decoding=\"async\" class='wp-image-1217 avia-img-lazy-loading-not-1217 avia_image' src=\"https:\/\/www.maroteknoloji.com\/wp-content\/uploads\/2015\/10\/maro-kosgeb-odul-banner-3.jpg\" alt='' title='Women Entrepreneurs Awards' height=\"158\" width=\"316\"  itemprop=\"thumbnailUrl\" srcset=\"https:\/\/www.maroteknoloji.com\/wp-content\/uploads\/2015\/10\/maro-kosgeb-odul-banner-3.jpg 316w, https:\/\/www.maroteknoloji.com\/wp-content\/uploads\/2015\/10\/maro-kosgeb-odul-banner-3-300x150.jpg 300w\" sizes=\"(max-width: 316px) 100vw, 316px\" \/><\/div><\/div><\/div><br \/>\n<section class=\"av_textblock_section \"  itemscope=\"itemscope\" itemtype=\"https:\/\/schema.org\/CreativeWork\" ><div class='avia_textblock  av_inherit_color '  style='color:#543018; '  itemprop=\"text\" ><p style=\"text-align: center;\">Maroteknoloji, KOSGEB taraf\u0131ndan belirlenen 2013 Y\u0131l\u0131 Giri\u015fimci\u00a0\u00d6d\u00fcllerinde \u00a0\u201cKad\u0131n Giri\u015fimci\u201d kategorisindeki b\u00fcy\u00fck \u00f6d\u00fcl\u00fc almaya hak kazand\u0131.<\/p>\n<\/div><\/section><\/p><\/div><div class=\"flex_column av_one_third  flex_column_div av-zero-column-padding   avia-builder-el-40  el_after_av_one_third  avia-builder-el-last  column-top-margin\" style='border-radius:0px; '><p><div  class='avia-image-container avia_animated_image avia_animate_when_almost_visible fade-in av-styling-    avia-builder-el-41  el_before_av_textblock  avia-builder-el-first  avia-align-center '  itemprop=\"image\" itemscope=\"itemscope\" itemtype=\"https:\/\/schema.org\/ImageObject\"  ><div class='avia-image-container-inner'><div class='avia-image-overlay-wrap'><img decoding=\"async\" class='wp-image-1214 avia-img-lazy-loading-not-1214 avia_image' src=\"https:\/\/www.maroteknoloji.com\/wp-content\/uploads\/2015\/10\/maro-allworld-100-2015-2.jpg\" alt='' title='TOBB and TEPAV\u2019s AllWorld 100 Awards' height=\"158\" width=\"316\"  itemprop=\"thumbnailUrl\" srcset=\"https:\/\/www.maroteknoloji.com\/wp-content\/uploads\/2015\/10\/maro-allworld-100-2015-2.jpg 316w, https:\/\/www.maroteknoloji.com\/wp-content\/uploads\/2015\/10\/maro-allworld-100-2015-2-300x150.jpg 300w\" sizes=\"(max-width: 316px) 100vw, 316px\" \/><\/div><\/div><\/div><br \/>\n<section class=\"av_textblock_section \"  itemscope=\"itemscope\" itemtype=\"https:\/\/schema.org\/CreativeWork\" ><div class='avia_textblock  av_inherit_color '  style='color:#543018; '  itemprop=\"text\" ><p>Maroteknoloji, TOBB ve TEPAV\u2019\u0131n belirledi\u011fi \u201cAllWorld T\u00fcrkiye 100\u201d \u00f6d\u00fcl s\u0131ralamas\u0131nda T\u00fcrkiye\u2019nin en h\u0131zl\u0131 b\u00fcy\u00fcyen 100 \u015firketi listesinde 21. s\u0131rada yer ald\u0131.<\/p>\n<\/div><\/section><\/p><\/div>\n<\/div><\/div><\/div><!-- close content main div --><\/div><\/div><div id='after_section_5'  class='main_color av_default_container_wrap container_wrap sidebar_right' style=' '  ><div class='container' ><div class='template-page content  av-content-small alpha units'><div class='post-entry post-entry-type-page post-entry-1207'><div class='entry-content-wrapper clearfix'>\n","protected":false},"excerpt":{"rendered":"","protected":false},"author":1,"featured_media":0,"parent":0,"menu_order":6,"comment_status":"closed","ping_status":"closed","template":"","meta":{"footnotes":""},"class_list":["post-1207","page","type-page","status-publish","hentry"],"_links":{"self":[{"href":"https:\/\/www.maroteknoloji.com\/tr\/wp-json\/wp\/v2\/pages\/1207","targetHints":{"allow":["GET"]}}],"collection":[{"href":"https:\/\/www.maroteknoloji.com\/tr\/wp-json\/wp\/v2\/pages"}],"about":[{"href":"https:\/\/www.maroteknoloji.com\/tr\/wp-json\/wp\/v2\/types\/page"}],"author":[{"embeddable":true,"href":"https:\/\/www.maroteknoloji.com\/tr\/wp-json\/wp\/v2\/users\/1"}],"replies":[{"embeddable":true,"href":"https:\/\/www.maroteknoloji.com\/tr\/wp-json\/wp\/v2\/comments?post=1207"}],"version-history":[{"count":16,"href":"https:\/\/www.maroteknoloji.com\/tr\/wp-json\/wp\/v2\/pages\/1207\/revisions"}],"predecessor-version":[{"id":1924,"href":"https:\/\/www.maroteknoloji.com\/tr\/wp-json\/wp\/v2\/pages\/1207\/revisions\/1924"}],"wp:attachment":[{"href":"https:\/\/www.maroteknoloji.com\/tr\/wp-json\/wp\/v2\/media?parent=1207"}],"curies":[{"name":"wp","href":"https:\/\/api.w.org\/{rel}","templated":true}]}}